{"id":452,"date":"2023-11-17T12:55:13","date_gmt":"2023-11-17T11:55:13","guid":{"rendered":"https:\/\/lacanibal.com\/?page_id=452"},"modified":"2024-01-16T11:09:53","modified_gmt":"2024-01-16T10:09:53","slug":"condiciones-venta-de-entradas-online","status":"publish","type":"page","link":"https:\/\/lacanibal.com\/en\/condiciones-venta-de-entradas-online\/","title":{"rendered":"Condiciones Venta de Entradas Online"},"content":{"rendered":"<div class=\"wpb-content-wrapper\"><div data-parent=\"true\" class=\"vc_row has-bg need-focus style-color-gyho-bg row-container\" id=\"row-unique-0\"><div class=\"row single-top-padding no-bottom-padding single-h-padding limit-width row-parent\"><div class=\"wpb_row row-inner\"><div class=\"wpb_column pos-top pos-center align_left column_parent col-lg-12 single-internal-gutter\"><div class=\"uncol style-light\"  ><div class=\"uncoltable\"><div class=\"uncell no-block-padding\" ><div class=\"uncont\" ><div class=\"empty-space empty-single\" ><span class=\"empty-space-inner\"><\/span><\/div>\n<div class=\"vc_custom_heading_wrap\"><div class=\"heading-text el-text\" ><h1 class=\"h2\" ><span>Condiciones Venta de Entradas Online<\/span><\/h1><\/div><div class=\"clear\"><\/div><\/div><\/div><\/div><\/div><\/div><\/div><script id=\"script-row-unique-0\" data-row=\"script-row-unique-0\" type=\"text\/javascript\" class=\"vc_controls\">UNCODE.initRow(document.getElementById(\"row-unique-0\"));<\/script><\/div><\/div><\/div><div data-parent=\"true\" class=\"vc_row row-container has-dividers\" id=\"row-unique-1\"><div class=\"uncode-divider-wrap uncode-divider-wrap-top z_index_0\" style=\"height: 100px;\" data-height=\"100\" data-unit=\"px\"><svg version=\"1.1\" class=\"uncode-row-divider uncode-row-divider-curve-asym\" x=\"0px\" y=\"0px\" width=\"240px\" height=\"24px\" viewbox=\"0 0 240 24\" enable-background=\"new 0 0 240 24\" xml:space=\"preserve\" preserveaspectratio=\"none\">\n\t\t<path fill=\"#eaeaea\" d=\"M0,24C47.998-8.383,93.12-7.614,240,24H0z\"\/>\n\t\t<\/svg><\/div><div class=\"row no-top-padding single-bottom-padding single-h-padding limit-width row-parent\"><div class=\"wpb_row row-inner\"><div class=\"wpb_column pos-top pos-center align_left column_parent col-lg-12 single-internal-gutter\"><div class=\"uncol style-light\"  ><div class=\"uncoltable\"><div class=\"uncell no-block-padding\" ><div class=\"uncont\" ><div class=\"empty-space empty-triple\" ><span class=\"empty-space-inner\"><\/span><\/div>\n<div class=\"uncode_text_column text-justify\" ><p>En cumplimiento con el deber de informaci\u00f3n dispuesto en la Ley 34\/2002 de Servicios de la Sociedad de la Informaci\u00f3n y el Comercio Electr\u00f3nico se facilitan a continuaci\u00f3n los siguientes datos de este sitio web.<\/p>\n<p><strong>Mad Brewing, SL<\/strong><span style=\"font-weight: 400;\">, es titular de <\/span><strong>La Can\u00edbal<\/strong><span style=\"font-weight: 400;\"> y del sitio web <\/span><a href=\"https:\/\/www.lacanibal.com\/\"><span style=\"font-weight: 400;\">www.lacanibal.com<\/span><\/a><span style=\"font-weight: 400;\">, con domicilio fiscal en la Calle Julian Camarillo, 19 de Madrid, CIF B-87157608. Cuyos datos de contacto son:<\/span><span style=\"font-weight: 400;\"><br \/>\n<\/span><strong>Tel\u00e9fono:<\/strong><span style=\"font-weight: 400;\">\u00a0 915396057<\/span><span style=\"font-weight: 400;\"><br \/>\n<\/span><strong>Correo electr\u00f3nico:<\/strong><span style=\"font-weight: 400;\"> info@lacanibal.com<\/span><\/p>\n<p><strong>CONDICIONES GENERALES DE LA COMPRA<\/strong><\/p>\n<h3>La adquisici\u00f3n de estas entradas representa la aceptaci\u00f3n de las siguientes condiciones:<\/h3>\n<ul>\n<li style=\"padding-bottom: 15px;\">Una vez adquirida la entrada, podr\u00e1n ser canceladas con un plazo de 48 horas antes del inicio del evento, reintegr\u00e1ndose en este caso el 100% del precio pagado. Una vez pasado este plazo, no se realizar\u00e1 devoluci\u00f3n alguna.<\/li>\n<li style=\"padding-bottom: 15px;\">La organizaci\u00f3n se reserva el derecho de alterar o modificar el programa fecha, horario y ponente anunciados por motivos t\u00e9cnicos, organizativos o de fuerza mayor. En caso de estas alteraciones, el comprador tendr\u00e1 derecho a que se le devuelva el importe integro de la compra, si no est\u00e1 de acuerdo con las modificaciones.<\/li>\n<li style=\"padding-bottom: 15px;\">En caso de suspensi\u00f3n o cancelaci\u00f3n de la presentaci\u00f3n por causas imputables a la organizaci\u00f3n, el comprador tendr\u00e1 derecho a la devoluci\u00f3n del importe de la entrada.<\/li>\n<li style=\"padding-bottom: 15px;\">Para comunicaciones, cancelaciones y dudas en general, p\u00f3ngase en contacto a trav\u00e9s del correo electr\u00f3nico info@lacanibal.com<\/li>\n<li style=\"padding-bottom: 15px;\">Las entradas para el evento solamente se podr\u00e1n comprar a trav\u00e9s de la p\u00e1gina web\u00a0<a href=\"https:\/\/www.lacanibal.com\/\">www.lacanibal.com<\/a>, los organizadores no nos responsabilizamos de entradas adquiridas por otros medios.<\/li>\n<li style=\"padding-bottom: 15px;\">Este comerciante se compromete a no permitir ninguna transacci\u00f3n que sea ilegal, o se considere por las marcas de tarjetas de cr\u00e9dito o el banco adquiriente, que pueda o tenga el potencial de da\u00f1ar la buena voluntad de los mismos o influir de manera negativa en ellos. Las siguientes actividades est\u00e1n prohibidas en virtud de los programas de las marcas de tarjetas: la venta u oferta de un producto o servicio que no sea de plena conformidad con todas las leyes aplicables al Comprador, Banco Emisor, Comerciante, Titular de la tarjeta, o tarjetas.<br \/>\nAdem\u00e1s, las siguientes actividades tambi\u00e9n est\u00e1n prohibidas expl\u00edcitamente: \u00abVenta de bebidas alcoh\u00f3licas a menores de 18 a\u00f1os\u00bb.<\/li>\n<li style=\"padding-bottom: 15px;\">En el caso de que el evento se vaya a servir alguna bebida alcoh\u00f3lica, estar\u00e1 prohibido el acceso a menores de 18 a\u00f1os.<\/li>\n<li style=\"padding-bottom: 15px;\">Todos los participantes deber\u00e1n presentar a la entrada el c\u00f3digo QR que se genera al pagar la entrada en esta p\u00e1gina web.<\/li>\n<li style=\"padding-bottom: 15px;\">La organizaci\u00f3n se reserva el derecho de admisi\u00f3n. No se permitir\u00e1 la entrada a aquellas personas que se comporten de manera violenta, que puedan producir molestias al p\u00fablico en general o puedan alterar el normal desarrollo de la presentaci\u00f3n.<\/li>\n<\/ul>\n<p>\n<\/div><\/div><\/div><\/div><\/div><\/div><script id=\"script-row-unique-1\" data-row=\"script-row-unique-1\" type=\"text\/javascript\" class=\"vc_controls\">UNCODE.initRow(document.getElementById(\"row-unique-1\"));<\/script><\/div><\/div><\/div>\n<\/div>","protected":false},"excerpt":{"rendered":"Condiciones Venta de Entradas Online En cumplimiento con el deber de informaci\u00f3n dispuesto en la Ley 34\/2002 de Servicios de [...]","protected":false},"author":2,"featured_media":0,"parent":0,"menu_order":0,"comment_status":"closed","ping_status":"closed","template":"","meta":{"footnotes":""},"class_list":["post-452","page","type-page","status-publish","hentry"],"yoast_head":"<!-- This site is optimized with the Yoast SEO plugin v27.4 - https:\/\/yoast.com\/product\/yoast-seo-wordpress\/ -->\n<title>Condiciones Venta de Entradas Online | La Can\u00edbal<\/title>\n<meta name=\"robots\" content=\"index, follow, max-snippet:-1, max-image-preview:large, max-video-preview:-1\" \/>\n<link rel=\"canonical\" href=\"https:\/\/lacanibal.com\/en\/condiciones-venta-de-entradas-online\/\" \/>\n<meta property=\"og:locale\" content=\"en_GB\" \/>\n<meta property=\"og:type\" content=\"article\" \/>\n<meta property=\"og:title\" content=\"Condiciones Venta de Entradas Online | La Can\u00edbal\" \/>\n<meta property=\"og:url\" content=\"https:\/\/lacanibal.com\/en\/condiciones-venta-de-entradas-online\/\" \/>\n<meta property=\"og:site_name\" content=\"La Can\u00edbal\" \/>\n<meta property=\"article:publisher\" content=\"https:\/\/www.facebook.com\/lacanibalvinos\" \/>\n<meta property=\"article:modified_time\" content=\"2024-01-16T10:09:53+00:00\" \/>\n<meta name=\"twitter:card\" content=\"summary_large_image\" \/>\n<meta name=\"twitter:label1\" content=\"Estimated reading time\" \/>\n\t<meta name=\"twitter:data1\" content=\"3 minutes\" \/>\n<script type=\"application\/ld+json\" class=\"yoast-schema-graph\">{\"@context\":\"https:\\\/\\\/schema.org\",\"@graph\":[{\"@type\":\"WebPage\",\"@id\":\"https:\\\/\\\/lacanibal.com\\\/condiciones-venta-de-entradas-online\\\/\",\"url\":\"https:\\\/\\\/lacanibal.com\\\/condiciones-venta-de-entradas-online\\\/\",\"name\":\"Condiciones Venta de Entradas Online | La Can\u00edbal\",\"isPartOf\":{\"@id\":\"https:\\\/\\\/lacanibal.com\\\/#website\"},\"datePublished\":\"2023-11-17T11:55:13+00:00\",\"dateModified\":\"2024-01-16T10:09:53+00:00\",\"breadcrumb\":{\"@id\":\"https:\\\/\\\/lacanibal.com\\\/condiciones-venta-de-entradas-online\\\/#breadcrumb\"},\"inLanguage\":\"en-GB\",\"potentialAction\":[{\"@type\":\"ReadAction\",\"target\":[\"https:\\\/\\\/lacanibal.com\\\/condiciones-venta-de-entradas-online\\\/\"]}]},{\"@type\":\"BreadcrumbList\",\"@id\":\"https:\\\/\\\/lacanibal.com\\\/condiciones-venta-de-entradas-online\\\/#breadcrumb\",\"itemListElement\":[{\"@type\":\"ListItem\",\"position\":1,\"name\":\"Home\",\"item\":\"https:\\\/\\\/lacanibal.com\\\/\"},{\"@type\":\"ListItem\",\"position\":2,\"name\":\"Condiciones Venta de Entradas Online\"}]},{\"@type\":\"WebSite\",\"@id\":\"https:\\\/\\\/lacanibal.com\\\/#website\",\"url\":\"https:\\\/\\\/lacanibal.com\\\/\",\"name\":\"La Canibal\",\"description\":\"Cervezas, vinos, gastronom\u00eda y experiencias en Madrid\",\"publisher\":{\"@id\":\"https:\\\/\\\/lacanibal.com\\\/#organization\"},\"potentialAction\":[{\"@type\":\"SearchAction\",\"target\":{\"@type\":\"EntryPoint\",\"urlTemplate\":\"https:\\\/\\\/lacanibal.com\\\/?s={search_term_string}\"},\"query-input\":{\"@type\":\"PropertyValueSpecification\",\"valueRequired\":true,\"valueName\":\"search_term_string\"}}],\"inLanguage\":\"en-GB\"},{\"@type\":\"Organization\",\"@id\":\"https:\\\/\\\/lacanibal.com\\\/#organization\",\"name\":\"La Canibal\",\"url\":\"https:\\\/\\\/lacanibal.com\\\/\",\"logo\":{\"@type\":\"ImageObject\",\"inLanguage\":\"en-GB\",\"@id\":\"https:\\\/\\\/lacanibal.com\\\/#\\\/schema\\\/logo\\\/image\\\/\",\"url\":\"https:\\\/\\\/lacanibal.com\\\/wp-content\\\/uploads\\\/2023\\\/11\\\/head-email.png\",\"contentUrl\":\"https:\\\/\\\/lacanibal.com\\\/wp-content\\\/uploads\\\/2023\\\/11\\\/head-email.png\",\"width\":1000,\"height\":499,\"caption\":\"La Canibal\"},\"image\":{\"@id\":\"https:\\\/\\\/lacanibal.com\\\/#\\\/schema\\\/logo\\\/image\\\/\"},\"sameAs\":[\"https:\\\/\\\/www.facebook.com\\\/lacanibalvinos\",\"https:\\\/\\\/www.youtube.com\\\/channel\\\/UCKDKKCpFZc3c5GCSB9GAJHQ\",\"https:\\\/\\\/www.instagram.com\\\/lacanibal_\\\/\"]}]}<\/script>\n<!-- \/ Yoast SEO plugin. -->","yoast_head_json":{"title":"Condiciones Venta de Entradas Online | La Can\u00edbal","robots":{"index":"index","follow":"follow","max-snippet":"max-snippet:-1","max-image-preview":"max-image-preview:large","max-video-preview":"max-video-preview:-1"},"canonical":"https:\/\/lacanibal.com\/en\/condiciones-venta-de-entradas-online\/","og_locale":"en_GB","og_type":"article","og_title":"Condiciones Venta de Entradas Online | La Can\u00edbal","og_url":"https:\/\/lacanibal.com\/en\/condiciones-venta-de-entradas-online\/","og_site_name":"La Can\u00edbal","article_publisher":"https:\/\/www.facebook.com\/lacanibalvinos","article_modified_time":"2024-01-16T10:09:53+00:00","twitter_card":"summary_large_image","twitter_misc":{"Estimated reading time":"3 minutes"},"schema":{"@context":"https:\/\/schema.org","@graph":[{"@type":"WebPage","@id":"https:\/\/lacanibal.com\/condiciones-venta-de-entradas-online\/","url":"https:\/\/lacanibal.com\/condiciones-venta-de-entradas-online\/","name":"Condiciones Venta de Entradas Online | La Can\u00edbal","isPartOf":{"@id":"https:\/\/lacanibal.com\/#website"},"datePublished":"2023-11-17T11:55:13+00:00","dateModified":"2024-01-16T10:09:53+00:00","breadcrumb":{"@id":"https:\/\/lacanibal.com\/condiciones-venta-de-entradas-online\/#breadcrumb"},"inLanguage":"en-GB","potentialAction":[{"@type":"ReadAction","target":["https:\/\/lacanibal.com\/condiciones-venta-de-entradas-online\/"]}]},{"@type":"BreadcrumbList","@id":"https:\/\/lacanibal.com\/condiciones-venta-de-entradas-online\/#breadcrumb","itemListElement":[{"@type":"ListItem","position":1,"name":"Home","item":"https:\/\/lacanibal.com\/"},{"@type":"ListItem","position":2,"name":"Condiciones Venta de Entradas Online"}]},{"@type":"WebSite","@id":"https:\/\/lacanibal.com\/#website","url":"https:\/\/lacanibal.com\/","name":"La Canibal","description":"Cervezas, vinos, gastronom\u00eda y experiencias en Madrid","publisher":{"@id":"https:\/\/lacanibal.com\/#organization"},"potentialAction":[{"@type":"SearchAction","target":{"@type":"EntryPoint","urlTemplate":"https:\/\/lacanibal.com\/?s={search_term_string}"},"query-input":{"@type":"PropertyValueSpecification","valueRequired":true,"valueName":"search_term_string"}}],"inLanguage":"en-GB"},{"@type":"Organization","@id":"https:\/\/lacanibal.com\/#organization","name":"La Canibal","url":"https:\/\/lacanibal.com\/","logo":{"@type":"ImageObject","inLanguage":"en-GB","@id":"https:\/\/lacanibal.com\/#\/schema\/logo\/image\/","url":"https:\/\/lacanibal.com\/wp-content\/uploads\/2023\/11\/head-email.png","contentUrl":"https:\/\/lacanibal.com\/wp-content\/uploads\/2023\/11\/head-email.png","width":1000,"height":499,"caption":"La Canibal"},"image":{"@id":"https:\/\/lacanibal.com\/#\/schema\/logo\/image\/"},"sameAs":["https:\/\/www.facebook.com\/lacanibalvinos","https:\/\/www.youtube.com\/channel\/UCKDKKCpFZc3c5GCSB9GAJHQ","https:\/\/www.instagram.com\/lacanibal_\/"]}]}},"jetpack_sharing_enabled":true,"_links":{"self":[{"href":"https:\/\/lacanibal.com\/en\/wp-json\/wp\/v2\/pages\/452","targetHints":{"allow":["GET"]}}],"collection":[{"href":"https:\/\/lacanibal.com\/en\/wp-json\/wp\/v2\/pages"}],"about":[{"href":"https:\/\/lacanibal.com\/en\/wp-json\/wp\/v2\/types\/page"}],"author":[{"embeddable":true,"href":"https:\/\/lacanibal.com\/en\/wp-json\/wp\/v2\/users\/2"}],"replies":[{"embeddable":true,"href":"https:\/\/lacanibal.com\/en\/wp-json\/wp\/v2\/comments?post=452"}],"version-history":[{"count":17,"href":"https:\/\/lacanibal.com\/en\/wp-json\/wp\/v2\/pages\/452\/revisions"}],"predecessor-version":[{"id":1342,"href":"https:\/\/lacanibal.com\/en\/wp-json\/wp\/v2\/pages\/452\/revisions\/1342"}],"wp:attachment":[{"href":"https:\/\/lacanibal.com\/en\/wp-json\/wp\/v2\/media?parent=452"}],"curies":[{"name":"wp","href":"https:\/\/api.w.org\/{rel}","templated":true}]}}