{"id":5921,"date":"2026-04-06T09:54:36","date_gmt":"2026-04-06T07:54:36","guid":{"rendered":"https:\/\/lacanibal.com\/?post_type=product&#038;p=5921"},"modified":"2026-04-18T14:08:01","modified_gmt":"2026-04-18T12:08:01","slug":"meet-the-brewers-con-sanfrutos-30-04","status":"publish","type":"product","link":"https:\/\/lacanibal.com\/en\/product\/meet-the-brewers-con-sanfrutos-30-04\/","title":{"rendered":"Meet the Brewers con Sanfrutos 30\/04"},"content":{"rendered":"<div class=\"wpb-content-wrapper\"><div data-parent=\"true\" class=\"vc_row row-container\" id=\"row-unique-0\"><div class=\"row limit-width row-parent\"><div class=\"wpb_row row-inner\"><div class=\"wpb_column pos-top pos-center align_left column_parent col-lg-12 single-internal-gutter\"><div class=\"uncol style-light\"  ><div class=\"uncoltable\"><div class=\"uncell no-block-padding\" ><div class=\"uncont\" ><div class=\"vc_custom_heading_wrap\"><div class=\"heading-text el-text\" ><h2 class=\"h3 badge-style unradius-std style-gris-fabrica-bg\" ><span>D\u00f3nde: La F\u00e1brica &#8211; Juli\u00e1n Camarillo 19<\/span><\/h2><\/div><div class=\"clear\"><\/div><\/div><div class=\"vc_custom_heading_wrap\"><div class=\"heading-text el-text\" ><h2 class=\"h3 text-color-xsdn-color badge-style unradius-std style-amarillo-griferia-bg\" ><span>914 402 395<\/span><\/h2><\/div><div class=\"clear\"><\/div><\/div><div class=\"uncode_text_column\" ><\/p>\n<h2 data-start=\"87\" data-end=\"145\">\ud83c\udf7a <strong data-start=\"90\" data-end=\"140\">\u00a1Meet the Brewers con SanFrutos en La Can\u00edbal!<\/strong> \ud83c\udf7b<\/h2>\n<p data-start=\"147\" data-end=\"257\">\ud83d\udcc6 <strong data-start=\"150\" data-end=\"169\">Jueves 30\/04\/26<\/strong><br data-start=\"169\" data-end=\"172\" \/>\ud83d\udd62 <strong data-start=\"175\" data-end=\"191\">A las 19:30h<\/strong><br data-start=\"191\" data-end=\"194\" \/>\ud83d\udccd <strong data-start=\"197\" data-end=\"255\">Juli\u00e1n Camarillo, 19 (La Can\u00edbal &#8211; F\u00e1brica de cerveza)<\/strong><\/p>\n<p data-start=\"259\" data-end=\"345\">\ud83c\udf7d\ufe0f <strong data-start=\"263\" data-end=\"322\">Aseg\u00farate mesa y reserva para cenar despu\u00e9s del evento:<\/strong> Accede a nuestra<strong data-start=\"349\" data-end=\"373\"> <a href=\"https:\/\/lacanibal.com\/la-fabrica\/#fabrica\">web<\/a><\/strong><\/p>\n<p data-start=\"347\" data-end=\"595\">\ud83d\udce3 Este Meet the Brewers viene bien cargado!\u00a0<br data-start=\"411\" data-end=\"414\" \/>Recibiremos a nuestros amigos <strong data-start=\"428\" data-end=\"446\">Adri\u00e1n y Mateo <\/strong>de <strong data-start=\"468\" data-end=\"481\">SanFrutos<\/strong>, para una cata y presentaci\u00f3n donde vienen a ense\u00f1arnos lo que hacen y por qu\u00e9 lo hacen tan bien \ud83c\udf7a\ud83d\udc9b<\/p>\n<p data-start=\"597\" data-end=\"838\">Desde 2013, esta cervecera familiar, ubicada en Segovia a los pies de la Sierra de Guadarrama, se ha convertido en un referente nacional apostando por cervezas equilibradas y con mucho car\u00e1cter!<\/p>\n<p data-start=\"840\" data-end=\"862\"><strong data-start=\"842\" data-end=\"860\">Qu\u00e9 te espera:<\/strong><\/p>\n<p data-start=\"864\" data-end=\"963\">Presentaci\u00f3n guiada por Adri\u00e1n y Mateo, con charla directa para conocer el proyecto desde dentro.<\/p>\n<p data-start=\"965\" data-end=\"1060\">Degustaci\u00f3n de sus cervezas, recorriendo su cat\u00e1logo entre fijas, novedades y colaboraciones.<\/p>\n<p data-start=\"1062\" data-end=\"1195\">Una experiencia para disfrutar, para probar cosas nuevas y brindar con quienes los que est\u00e1n detr\u00e1s de la cerve que te bebes\ud83c\udf7a<\/p>\n<p data-start=\"1197\" data-end=\"1268\">\ud83c\udf89 <strong data-start=\"1200\" data-end=\"1266\">Entrada con inscripci\u00f3n previa en nuestra web (5\u20ac por persona)<\/strong><\/p>\n<p data-start=\"1270\" data-end=\"1353\">Solo necesitas venir con ganas de disfrutar y brindar con la familia cervecera \ud83d\udd25<\/p>\n<p data-start=\"1355\" data-end=\"1452\">\ud83d\udcc6 <strong data-start=\"1358\" data-end=\"1386\">Jueves 30\/04\/26 &#8211; 19:30h<\/strong><br data-start=\"1386\" data-end=\"1389\" \/>\ud83d\udccd <a href=\"https:\/\/maps.app.goo.gl\/FhZtd7t9Yc2zwbBf6\"><strong data-start=\"1352\" data-end=\"1410\">Juli\u00e1n Camarillo, 19 (La Can\u00edbal &#8211; F\u00e1brica de cerveza)<\/strong><\/a><\/p>\n<p data-start=\"1454\" data-end=\"1540\">\ud83c\udf7d\ufe0f <strong data-start=\"1458\" data-end=\"1517\">Aseg\u00farate mesa y reserva para cenar despu\u00e9s del evento:<\/strong> Accede a nuestra <strong data-start=\"349\" data-end=\"373\"><a href=\"https:\/\/lacanibal.com\/la-fabrica\/#fabrica\">web<\/a><\/strong><\/p>\n<p data-start=\"1542\" data-end=\"1614\">\u26a0\ufe0f <strong data-start=\"1545\" data-end=\"1571\">\u00a1Plazas muy limitadas!<\/strong> \u26a0\ufe0f<br data-start=\"1574\" data-end=\"1577\" \/>\ud83d\udce9 <strong data-start=\"1580\" data-end=\"1590\">Dudas:<\/strong> <a class=\"decorated-link cursor-pointer\" rel=\"noopener\" data-start=\"1591\" data-end=\"1612\">fabrica@lacanibal.com<\/a><\/p>\n<p>\n<\/div><\/div><\/div><\/div><\/div><\/div><script id=\"script-row-unique-0\" data-row=\"script-row-unique-0\" type=\"text\/javascript\" class=\"vc_controls\">UNCODE.initRow(document.getElementById(\"row-unique-0\"));<\/script><\/div><\/div><\/div>\n<\/div>","protected":false},"excerpt":{"rendered":"D\u00f3nde: La F\u00e1brica - Juli\u00e1n Camarillo 19914 402 395\ud83c\udf7a \u00a1Meet the Brewers con SanFrutos en La Can\u00edbal! \ud83c\udf7b \ud83d\udcc6 Jueves [...]","protected":false},"featured_media":5922,"template":"","meta":[],"product_brand":[],"product_cat":[20],"product_tag":[],"class_list":{"0":"post-5921","1":"product","2":"type-product","3":"status-publish","4":"has-post-thumbnail","6":"product_cat-la-fabrica","7":"pa_completa-tu-experiencia-monologo","9":"first","10":"instock","11":"virtual","12":"taxable","13":"purchasable","14":"product-type-simple"},"yoast_head":"<!-- This site is optimized with the Yoast SEO plugin v27.4 - https:\/\/yoast.com\/product\/yoast-seo-wordpress\/ -->\n<title>Meet the Brewers con Sanfrutos 30\/04 | La Can\u00edbal<\/title>\n<meta name=\"description\" content=\"Cata con SanFrutos en La Can\u00edbal el 30\/04 a las 19:30h. Meet the Brewers con Adri\u00e1n y Mateo, degustaci\u00f3n de cervezas artesanales. Entrada 5\u20ac\" \/>\n<meta name=\"robots\" content=\"index, follow, max-snippet:-1, max-image-preview:large, max-video-preview:-1\" \/>\n<link rel=\"canonical\" href=\"https:\/\/lacanibal.com\/en\/product\/meet-the-brewers-con-sanfrutos-30-04\/\" \/>\n<meta property=\"og:locale\" content=\"en_GB\" \/>\n<meta property=\"og:type\" content=\"article\" \/>\n<meta property=\"og:title\" content=\"Meet the Brewers con Sanfrutos 30\/04 | La Can\u00edbal\" \/>\n<meta property=\"og:description\" content=\"Cata con SanFrutos en La Can\u00edbal el 30\/04 a las 19:30h. Meet the Brewers con Adri\u00e1n y Mateo, degustaci\u00f3n de cervezas artesanales. Entrada 5\u20ac\" \/>\n<meta property=\"og:url\" content=\"https:\/\/lacanibal.com\/en\/product\/meet-the-brewers-con-sanfrutos-30-04\/\" \/>\n<meta property=\"og:site_name\" content=\"La Can\u00edbal\" \/>\n<meta property=\"article:publisher\" content=\"https:\/\/www.facebook.com\/lacanibalvinos\" \/>\n<meta property=\"article:modified_time\" content=\"2026-04-18T12:08:01+00:00\" \/>\n<meta property=\"og:image\" content=\"https:\/\/lacanibal.com\/wp-content\/uploads\/2026\/04\/MEET-THE-BREWERS-11-7.jpg\" \/>\n\t<meta property=\"og:image:width\" content=\"1080\" \/>\n\t<meta property=\"og:image:height\" content=\"1080\" \/>\n\t<meta property=\"og:image:type\" content=\"image\/jpeg\" \/>\n<meta name=\"twitter:card\" content=\"summary_large_image\" \/>\n<meta name=\"twitter:label1\" content=\"Estimated reading time\" \/>\n\t<meta name=\"twitter:data1\" content=\"2 minutes\" \/>\n<script type=\"application\/ld+json\" class=\"yoast-schema-graph\">{\"@context\":\"https:\\\/\\\/schema.org\",\"@graph\":[{\"@type\":\"WebPage\",\"@id\":\"https:\\\/\\\/lacanibal.com\\\/producto\\\/meet-the-brewers-con-sanfrutos-30-04\\\/\",\"url\":\"https:\\\/\\\/lacanibal.com\\\/producto\\\/meet-the-brewers-con-sanfrutos-30-04\\\/\",\"name\":\"Meet the Brewers con Sanfrutos 30\\\/04 | La Can\u00edbal\",\"isPartOf\":{\"@id\":\"https:\\\/\\\/lacanibal.com\\\/#website\"},\"primaryImageOfPage\":{\"@id\":\"https:\\\/\\\/lacanibal.com\\\/producto\\\/meet-the-brewers-con-sanfrutos-30-04\\\/#primaryimage\"},\"image\":{\"@id\":\"https:\\\/\\\/lacanibal.com\\\/producto\\\/meet-the-brewers-con-sanfrutos-30-04\\\/#primaryimage\"},\"thumbnailUrl\":\"https:\\\/\\\/lacanibal.com\\\/wp-content\\\/uploads\\\/2026\\\/04\\\/MEET-THE-BREWERS-11-7.jpg\",\"datePublished\":\"2026-04-06T07:54:36+00:00\",\"dateModified\":\"2026-04-18T12:08:01+00:00\",\"description\":\"Cata con SanFrutos en La Can\u00edbal el 30\\\/04 a las 19:30h. Meet the Brewers con Adri\u00e1n y Mateo, degustaci\u00f3n de cervezas artesanales. Entrada 5\u20ac\",\"breadcrumb\":{\"@id\":\"https:\\\/\\\/lacanibal.com\\\/producto\\\/meet-the-brewers-con-sanfrutos-30-04\\\/#breadcrumb\"},\"inLanguage\":\"en-GB\",\"potentialAction\":[{\"@type\":\"ReadAction\",\"target\":[\"https:\\\/\\\/lacanibal.com\\\/producto\\\/meet-the-brewers-con-sanfrutos-30-04\\\/\"]}]},{\"@type\":\"ImageObject\",\"inLanguage\":\"en-GB\",\"@id\":\"https:\\\/\\\/lacanibal.com\\\/producto\\\/meet-the-brewers-con-sanfrutos-30-04\\\/#primaryimage\",\"url\":\"https:\\\/\\\/lacanibal.com\\\/wp-content\\\/uploads\\\/2026\\\/04\\\/MEET-THE-BREWERS-11-7.jpg\",\"contentUrl\":\"https:\\\/\\\/lacanibal.com\\\/wp-content\\\/uploads\\\/2026\\\/04\\\/MEET-THE-BREWERS-11-7.jpg\",\"width\":1080,\"height\":1080},{\"@type\":\"BreadcrumbList\",\"@id\":\"https:\\\/\\\/lacanibal.com\\\/producto\\\/meet-the-brewers-con-sanfrutos-30-04\\\/#breadcrumb\",\"itemListElement\":[{\"@type\":\"ListItem\",\"position\":1,\"name\":\"Home\",\"item\":\"https:\\\/\\\/lacanibal.com\\\/\"},{\"@type\":\"ListItem\",\"position\":2,\"name\":\"Eventos en La Can\u00edbal\",\"item\":\"https:\\\/\\\/lacanibal.com\\\/eventos\\\/\"},{\"@type\":\"ListItem\",\"position\":3,\"name\":\"Meet the Brewers con Sanfrutos 30\\\/04\"}]},{\"@type\":\"WebSite\",\"@id\":\"https:\\\/\\\/lacanibal.com\\\/#website\",\"url\":\"https:\\\/\\\/lacanibal.com\\\/\",\"name\":\"La Canibal\",\"description\":\"Cervezas, vinos, gastronom\u00eda y experiencias en Madrid\",\"publisher\":{\"@id\":\"https:\\\/\\\/lacanibal.com\\\/#organization\"},\"potentialAction\":[{\"@type\":\"SearchAction\",\"target\":{\"@type\":\"EntryPoint\",\"urlTemplate\":\"https:\\\/\\\/lacanibal.com\\\/?s={search_term_string}\"},\"query-input\":{\"@type\":\"PropertyValueSpecification\",\"valueRequired\":true,\"valueName\":\"search_term_string\"}}],\"inLanguage\":\"en-GB\"},{\"@type\":\"Organization\",\"@id\":\"https:\\\/\\\/lacanibal.com\\\/#organization\",\"name\":\"La Canibal\",\"url\":\"https:\\\/\\\/lacanibal.com\\\/\",\"logo\":{\"@type\":\"ImageObject\",\"inLanguage\":\"en-GB\",\"@id\":\"https:\\\/\\\/lacanibal.com\\\/#\\\/schema\\\/logo\\\/image\\\/\",\"url\":\"https:\\\/\\\/lacanibal.com\\\/wp-content\\\/uploads\\\/2023\\\/11\\\/head-email.png\",\"contentUrl\":\"https:\\\/\\\/lacanibal.com\\\/wp-content\\\/uploads\\\/2023\\\/11\\\/head-email.png\",\"width\":1000,\"height\":499,\"caption\":\"La Canibal\"},\"image\":{\"@id\":\"https:\\\/\\\/lacanibal.com\\\/#\\\/schema\\\/logo\\\/image\\\/\"},\"sameAs\":[\"https:\\\/\\\/www.facebook.com\\\/lacanibalvinos\",\"https:\\\/\\\/www.youtube.com\\\/channel\\\/UCKDKKCpFZc3c5GCSB9GAJHQ\",\"https:\\\/\\\/www.instagram.com\\\/lacanibal_\\\/\"]}]}<\/script>\n<!-- \/ Yoast SEO plugin. -->","yoast_head_json":{"title":"Meet the Brewers con Sanfrutos 30\/04 | La Can\u00edbal","description":"Cata con SanFrutos en La Can\u00edbal el 30\/04 a las 19:30h. Meet the Brewers con Adri\u00e1n y Mateo, degustaci\u00f3n de cervezas artesanales. Entrada 5\u20ac","robots":{"index":"index","follow":"follow","max-snippet":"max-snippet:-1","max-image-preview":"max-image-preview:large","max-video-preview":"max-video-preview:-1"},"canonical":"https:\/\/lacanibal.com\/en\/product\/meet-the-brewers-con-sanfrutos-30-04\/","og_locale":"en_GB","og_type":"article","og_title":"Meet the Brewers con Sanfrutos 30\/04 | La Can\u00edbal","og_description":"Cata con SanFrutos en La Can\u00edbal el 30\/04 a las 19:30h. Meet the Brewers con Adri\u00e1n y Mateo, degustaci\u00f3n de cervezas artesanales. Entrada 5\u20ac","og_url":"https:\/\/lacanibal.com\/en\/product\/meet-the-brewers-con-sanfrutos-30-04\/","og_site_name":"La Can\u00edbal","article_publisher":"https:\/\/www.facebook.com\/lacanibalvinos","article_modified_time":"2026-04-18T12:08:01+00:00","og_image":[{"width":1080,"height":1080,"url":"https:\/\/lacanibal.com\/wp-content\/uploads\/2026\/04\/MEET-THE-BREWERS-11-7.jpg","type":"image\/jpeg"}],"twitter_card":"summary_large_image","twitter_misc":{"Estimated reading time":"2 minutes"},"schema":{"@context":"https:\/\/schema.org","@graph":[{"@type":"WebPage","@id":"https:\/\/lacanibal.com\/producto\/meet-the-brewers-con-sanfrutos-30-04\/","url":"https:\/\/lacanibal.com\/producto\/meet-the-brewers-con-sanfrutos-30-04\/","name":"Meet the Brewers con Sanfrutos 30\/04 | La Can\u00edbal","isPartOf":{"@id":"https:\/\/lacanibal.com\/#website"},"primaryImageOfPage":{"@id":"https:\/\/lacanibal.com\/producto\/meet-the-brewers-con-sanfrutos-30-04\/#primaryimage"},"image":{"@id":"https:\/\/lacanibal.com\/producto\/meet-the-brewers-con-sanfrutos-30-04\/#primaryimage"},"thumbnailUrl":"https:\/\/lacanibal.com\/wp-content\/uploads\/2026\/04\/MEET-THE-BREWERS-11-7.jpg","datePublished":"2026-04-06T07:54:36+00:00","dateModified":"2026-04-18T12:08:01+00:00","description":"Cata con SanFrutos en La Can\u00edbal el 30\/04 a las 19:30h. Meet the Brewers con Adri\u00e1n y Mateo, degustaci\u00f3n de cervezas artesanales. Entrada 5\u20ac","breadcrumb":{"@id":"https:\/\/lacanibal.com\/producto\/meet-the-brewers-con-sanfrutos-30-04\/#breadcrumb"},"inLanguage":"en-GB","potentialAction":[{"@type":"ReadAction","target":["https:\/\/lacanibal.com\/producto\/meet-the-brewers-con-sanfrutos-30-04\/"]}]},{"@type":"ImageObject","inLanguage":"en-GB","@id":"https:\/\/lacanibal.com\/producto\/meet-the-brewers-con-sanfrutos-30-04\/#primaryimage","url":"https:\/\/lacanibal.com\/wp-content\/uploads\/2026\/04\/MEET-THE-BREWERS-11-7.jpg","contentUrl":"https:\/\/lacanibal.com\/wp-content\/uploads\/2026\/04\/MEET-THE-BREWERS-11-7.jpg","width":1080,"height":1080},{"@type":"BreadcrumbList","@id":"https:\/\/lacanibal.com\/producto\/meet-the-brewers-con-sanfrutos-30-04\/#breadcrumb","itemListElement":[{"@type":"ListItem","position":1,"name":"Home","item":"https:\/\/lacanibal.com\/"},{"@type":"ListItem","position":2,"name":"Eventos en La Can\u00edbal","item":"https:\/\/lacanibal.com\/eventos\/"},{"@type":"ListItem","position":3,"name":"Meet the Brewers con Sanfrutos 30\/04"}]},{"@type":"WebSite","@id":"https:\/\/lacanibal.com\/#website","url":"https:\/\/lacanibal.com\/","name":"La Canibal","description":"Cervezas, vinos, gastronom\u00eda y experiencias en Madrid","publisher":{"@id":"https:\/\/lacanibal.com\/#organization"},"potentialAction":[{"@type":"SearchAction","target":{"@type":"EntryPoint","urlTemplate":"https:\/\/lacanibal.com\/?s={search_term_string}"},"query-input":{"@type":"PropertyValueSpecification","valueRequired":true,"valueName":"search_term_string"}}],"inLanguage":"en-GB"},{"@type":"Organization","@id":"https:\/\/lacanibal.com\/#organization","name":"La Canibal","url":"https:\/\/lacanibal.com\/","logo":{"@type":"ImageObject","inLanguage":"en-GB","@id":"https:\/\/lacanibal.com\/#\/schema\/logo\/image\/","url":"https:\/\/lacanibal.com\/wp-content\/uploads\/2023\/11\/head-email.png","contentUrl":"https:\/\/lacanibal.com\/wp-content\/uploads\/2023\/11\/head-email.png","width":1000,"height":499,"caption":"La Canibal"},"image":{"@id":"https:\/\/lacanibal.com\/#\/schema\/logo\/image\/"},"sameAs":["https:\/\/www.facebook.com\/lacanibalvinos","https:\/\/www.youtube.com\/channel\/UCKDKKCpFZc3c5GCSB9GAJHQ","https:\/\/www.instagram.com\/lacanibal_\/"]}]}},"jetpack_sharing_enabled":true,"_links":{"self":[{"href":"https:\/\/lacanibal.com\/en\/wp-json\/wp\/v2\/product\/5921","targetHints":{"allow":["GET"]}}],"collection":[{"href":"https:\/\/lacanibal.com\/en\/wp-json\/wp\/v2\/product"}],"about":[{"href":"https:\/\/lacanibal.com\/en\/wp-json\/wp\/v2\/types\/product"}],"wp:featuredmedia":[{"embeddable":true,"href":"https:\/\/lacanibal.com\/en\/wp-json\/wp\/v2\/media\/5922"}],"wp:attachment":[{"href":"https:\/\/lacanibal.com\/en\/wp-json\/wp\/v2\/media?parent=5921"}],"wp:term":[{"taxonomy":"product_brand","embeddable":true,"href":"https:\/\/lacanibal.com\/en\/wp-json\/wp\/v2\/product_brand?post=5921"},{"taxonomy":"product_cat","embeddable":true,"href":"https:\/\/lacanibal.com\/en\/wp-json\/wp\/v2\/product_cat?post=5921"},{"taxonomy":"product_tag","embeddable":true,"href":"https:\/\/lacanibal.com\/en\/wp-json\/wp\/v2\/product_tag?post=5921"}],"curies":[{"name":"wp","href":"https:\/\/api.w.org\/{rel}","templated":true}]}}