{"id":5998,"date":"2026-04-16T09:38:35","date_gmt":"2026-04-16T07:38:35","guid":{"rendered":"https:\/\/lacanibal.com\/?post_type=product&#038;p=5998"},"modified":"2026-04-16T09:39:00","modified_gmt":"2026-04-16T07:39:00","slug":"visita-a-fabrica-de-cerveza-artesanal-en-madrid-08-05","status":"publish","type":"product","link":"https:\/\/lacanibal.com\/en\/product\/visita-a-fabrica-de-cerveza-artesanal-en-madrid-08-05\/","title":{"rendered":"Visita a F\u00e1brica de Cerveza Artesanal en Madrid 08\/05"},"content":{"rendered":"<div class=\"wpb-content-wrapper\"><div data-parent=\"true\" class=\"vc_row row-container\" id=\"row-unique-0\"><div class=\"row limit-width row-parent\"><div class=\"wpb_row row-inner\"><div class=\"wpb_column pos-top pos-center align_left column_parent col-lg-12 single-internal-gutter\"><div class=\"uncol style-light\"  ><div class=\"uncoltable\"><div class=\"uncell no-block-padding\" ><div class=\"uncont\" ><div class=\"vc_custom_heading_wrap\"><div class=\"heading-text el-text\" ><h2 class=\"h3 badge-style unradius-std style-gris-fabrica-bg\" ><span>D\u00f3nde: La F\u00e1brica &#8211; Juli\u00e1n Camarillo 19<\/span><\/h2><\/div><div class=\"clear\"><\/div><\/div><div class=\"vc_custom_heading_wrap\"><div class=\"heading-text el-text\" ><h2 class=\"h3 text-color-xsdn-color badge-style unradius-std style-amarillo-griferia-bg\" ><span>914 402 395<\/span><\/h2><\/div><div class=\"clear\"><\/div><\/div><div class=\"uncode_text_column\" ><\/p>\n<h3><b>\u00a1Haz de tu plan de viernes una experiencia \u00fanica con una visita guiada en La F\u00e1brica La Can\u00edbal!<\/b><\/h3>\n<p><span style=\"font-weight: 400;\">\ud83d\udcc5 <\/span><b>Todos los viernes<\/b><b><br \/>\n<\/b><span style=\"font-weight: 400;\">\ud83d\udd57 <\/span><b>De 20:00h a 20:45h<\/b><b><br \/>\n<\/b><span style=\"font-weight: 400;\">\ud83d\udccd <\/span><b>Juli\u00e1n Camarillo, 19 \u2013 La Can\u00edbal (F\u00e1brica de Cerveza)<\/b><b><br \/>\n<\/b><b><br \/>\n<\/b><span style=\"font-weight: 400;\">\ud83c\udf7a<\/span><b> Visita por La F\u00e1brica con una Pinta<\/b><b><br \/>\n<\/b><span style=\"font-weight: 400;\">Vive una noche diferente en La Can\u00edbal F\u00e1brica, nuestro templo cervecero de Madrid. Conoce el proceso detr\u00e1s del arte de elaborar nuestras cervezas artesanales en esta visita por nuestras instalaciones mientras disfrutas de una pinta de la cerveza que t\u00fa elijas. Una experiencia para disfrutar del sabor, la historia y la pasi\u00f3n por la cerveza.<\/span><span style=\"font-weight: 400;\"><br \/>\n<\/span><span style=\"font-weight: 400;\">\ud83d\udcb0 <\/span><b>Entrada desde 10 \u20ac<\/b><\/p>\n<p><b>\ud83c\udf7d\ufe0f Visita + Cena<\/b><b><br \/>\n<\/b><span style=\"font-weight: 400;\">\u00bfQuieres una experiencia completa?<\/span><span style=\"font-weight: 400;\"><br \/>\n<\/span><span style=\"font-weight: 400;\">Reserva en el apartado de La F\u00e1brica de nuestra<\/span><a href=\"https:\/\/lacanibal.com\/la-fabrica\/#fabrica\"><span style=\"font-weight: 400;\"> web<\/span><\/a><span style=\"font-weight: 400;\"> para cenar despu\u00e9s del espect\u00e1culo y <\/span><b>disfruta de un 15% de descuento<\/b><span style=\"font-weight: 400;\">, para vivir tu noche al m\u00e1ximo!<\/span><\/p>\n<p><b>Qu\u00e9 incluye la experiencia:<\/b><b><br \/>\n<\/b><span style=\"font-weight: 400;\">\u2705 Visita guiada a la f\u00e1brica<\/span><span style=\"font-weight: 400;\"><br \/>\n<\/span><span style=\"font-weight: 400;\">\u2705 1 Pinta de cerveza La Can\u00edbal a tu elecci\u00f3n <\/span><span style=\"font-weight: 400;\"><br \/>\n<\/span><span style=\"font-weight: 400;\"><br \/>\n<\/span><span style=\"font-weight: 400;\">\ud83d\udce9 <\/span><b>\u00bfTienes dudas o vienes en grupo?<\/b><b><br \/>\n<\/b><span style=\"font-weight: 400;\"> Escr\u00edbenos a <\/span><b>fabrica@lacanibal.com<\/b><\/p>\n<p>\n<\/div><\/div><\/div><\/div><\/div><\/div><script id=\"script-row-unique-0\" data-row=\"script-row-unique-0\" type=\"text\/javascript\" class=\"vc_controls\">UNCODE.initRow(document.getElementById(\"row-unique-0\"));<\/script><\/div><\/div><\/div>\n<\/div>","protected":false},"excerpt":{"rendered":"D\u00f3nde: La F\u00e1brica - Juli\u00e1n Camarillo 19914 402 395\u00a1Haz de tu plan de viernes una experiencia \u00fanica con una visita [...]","protected":false},"featured_media":4220,"template":"","meta":[],"product_brand":[],"product_cat":[20],"product_tag":[],"class_list":{"0":"post-5998","1":"product","2":"type-product","3":"status-publish","4":"has-post-thumbnail","6":"product_cat-la-fabrica","7":"pa_completa-tu-experiencia-monologo","9":"first","10":"instock","11":"virtual","12":"taxable","13":"purchasable","14":"product-type-simple"},"yoast_head":"<!-- This site is optimized with the Yoast SEO plugin v27.4 - https:\/\/yoast.com\/product\/yoast-seo-wordpress\/ -->\n<title>Visita a F\u00e1brica de Cerveza Artesanal en Madrid 08\/05 | La Can\u00edbal<\/title>\n<meta name=\"description\" content=\"Una experiencia para disfrutar del sabor, la historia y la pasi\u00f3n por la cerveza. Visita guiada, mientras pruebas una pinta de nuestra cerveza artesanal\" \/>\n<meta name=\"robots\" content=\"index, follow, max-snippet:-1, max-image-preview:large, max-video-preview:-1\" \/>\n<link rel=\"canonical\" href=\"https:\/\/lacanibal.com\/en\/product\/visita-a-fabrica-de-cerveza-artesanal-en-madrid-08-05\/\" \/>\n<meta property=\"og:locale\" content=\"en_GB\" \/>\n<meta property=\"og:type\" content=\"article\" \/>\n<meta property=\"og:title\" content=\"Visita a F\u00e1brica de Cerveza Artesanal en Madrid 08\/05 | La Can\u00edbal\" \/>\n<meta property=\"og:description\" content=\"Una experiencia para disfrutar del sabor, la historia y la pasi\u00f3n por la cerveza. Visita guiada, mientras pruebas una pinta de nuestra cerveza artesanal\" \/>\n<meta property=\"og:url\" content=\"https:\/\/lacanibal.com\/en\/product\/visita-a-fabrica-de-cerveza-artesanal-en-madrid-08-05\/\" \/>\n<meta property=\"og:site_name\" content=\"La Can\u00edbal\" \/>\n<meta property=\"article:publisher\" content=\"https:\/\/www.facebook.com\/lacanibalvinos\" \/>\n<meta property=\"article:modified_time\" content=\"2026-04-16T07:39:00+00:00\" \/>\n<meta property=\"og:image\" content=\"https:\/\/lacanibal.com\/wp-content\/uploads\/2025\/10\/Historia-para-instagram-evento-scaled-e1760713762801.jpg\" \/>\n\t<meta property=\"og:image:width\" content=\"1000\" \/>\n\t<meta property=\"og:image:height\" content=\"1000\" \/>\n\t<meta property=\"og:image:type\" content=\"image\/jpeg\" \/>\n<meta name=\"twitter:card\" content=\"summary_large_image\" \/>\n<meta name=\"twitter:label1\" content=\"Estimated reading time\" \/>\n\t<meta name=\"twitter:data1\" content=\"2 minutes\" \/>\n<script type=\"application\/ld+json\" class=\"yoast-schema-graph\">{\"@context\":\"https:\\\/\\\/schema.org\",\"@graph\":[{\"@type\":\"WebPage\",\"@id\":\"https:\\\/\\\/lacanibal.com\\\/producto\\\/visita-a-fabrica-de-cerveza-artesanal-en-madrid-08-05\\\/\",\"url\":\"https:\\\/\\\/lacanibal.com\\\/producto\\\/visita-a-fabrica-de-cerveza-artesanal-en-madrid-08-05\\\/\",\"name\":\"Visita a F\u00e1brica de Cerveza Artesanal en Madrid 08\\\/05 | La Can\u00edbal\",\"isPartOf\":{\"@id\":\"https:\\\/\\\/lacanibal.com\\\/#website\"},\"primaryImageOfPage\":{\"@id\":\"https:\\\/\\\/lacanibal.com\\\/producto\\\/visita-a-fabrica-de-cerveza-artesanal-en-madrid-08-05\\\/#primaryimage\"},\"image\":{\"@id\":\"https:\\\/\\\/lacanibal.com\\\/producto\\\/visita-a-fabrica-de-cerveza-artesanal-en-madrid-08-05\\\/#primaryimage\"},\"thumbnailUrl\":\"https:\\\/\\\/lacanibal.com\\\/wp-content\\\/uploads\\\/2025\\\/10\\\/Historia-para-instagram-evento-scaled-e1760713762801.jpg\",\"datePublished\":\"2026-04-16T07:38:35+00:00\",\"dateModified\":\"2026-04-16T07:39:00+00:00\",\"description\":\"Una experiencia para disfrutar del sabor, la historia y la pasi\u00f3n por la cerveza. Visita guiada, mientras pruebas una pinta de nuestra cerveza artesanal\",\"breadcrumb\":{\"@id\":\"https:\\\/\\\/lacanibal.com\\\/producto\\\/visita-a-fabrica-de-cerveza-artesanal-en-madrid-08-05\\\/#breadcrumb\"},\"inLanguage\":\"en-GB\",\"potentialAction\":[{\"@type\":\"ReadAction\",\"target\":[\"https:\\\/\\\/lacanibal.com\\\/producto\\\/visita-a-fabrica-de-cerveza-artesanal-en-madrid-08-05\\\/\"]}]},{\"@type\":\"ImageObject\",\"inLanguage\":\"en-GB\",\"@id\":\"https:\\\/\\\/lacanibal.com\\\/producto\\\/visita-a-fabrica-de-cerveza-artesanal-en-madrid-08-05\\\/#primaryimage\",\"url\":\"https:\\\/\\\/lacanibal.com\\\/wp-content\\\/uploads\\\/2025\\\/10\\\/Historia-para-instagram-evento-scaled-e1760713762801.jpg\",\"contentUrl\":\"https:\\\/\\\/lacanibal.com\\\/wp-content\\\/uploads\\\/2025\\\/10\\\/Historia-para-instagram-evento-scaled-e1760713762801.jpg\",\"width\":1000,\"height\":1000},{\"@type\":\"BreadcrumbList\",\"@id\":\"https:\\\/\\\/lacanibal.com\\\/producto\\\/visita-a-fabrica-de-cerveza-artesanal-en-madrid-08-05\\\/#breadcrumb\",\"itemListElement\":[{\"@type\":\"ListItem\",\"position\":1,\"name\":\"Home\",\"item\":\"https:\\\/\\\/lacanibal.com\\\/\"},{\"@type\":\"ListItem\",\"position\":2,\"name\":\"Eventos en La Can\u00edbal\",\"item\":\"https:\\\/\\\/lacanibal.com\\\/eventos\\\/\"},{\"@type\":\"ListItem\",\"position\":3,\"name\":\"Visita a F\u00e1brica de Cerveza Artesanal en Madrid 08\\\/05\"}]},{\"@type\":\"WebSite\",\"@id\":\"https:\\\/\\\/lacanibal.com\\\/#website\",\"url\":\"https:\\\/\\\/lacanibal.com\\\/\",\"name\":\"La Canibal\",\"description\":\"Cervezas, vinos, gastronom\u00eda y experiencias en Madrid\",\"publisher\":{\"@id\":\"https:\\\/\\\/lacanibal.com\\\/#organization\"},\"potentialAction\":[{\"@type\":\"SearchAction\",\"target\":{\"@type\":\"EntryPoint\",\"urlTemplate\":\"https:\\\/\\\/lacanibal.com\\\/?s={search_term_string}\"},\"query-input\":{\"@type\":\"PropertyValueSpecification\",\"valueRequired\":true,\"valueName\":\"search_term_string\"}}],\"inLanguage\":\"en-GB\"},{\"@type\":\"Organization\",\"@id\":\"https:\\\/\\\/lacanibal.com\\\/#organization\",\"name\":\"La Canibal\",\"url\":\"https:\\\/\\\/lacanibal.com\\\/\",\"logo\":{\"@type\":\"ImageObject\",\"inLanguage\":\"en-GB\",\"@id\":\"https:\\\/\\\/lacanibal.com\\\/#\\\/schema\\\/logo\\\/image\\\/\",\"url\":\"https:\\\/\\\/lacanibal.com\\\/wp-content\\\/uploads\\\/2023\\\/11\\\/head-email.png\",\"contentUrl\":\"https:\\\/\\\/lacanibal.com\\\/wp-content\\\/uploads\\\/2023\\\/11\\\/head-email.png\",\"width\":1000,\"height\":499,\"caption\":\"La Canibal\"},\"image\":{\"@id\":\"https:\\\/\\\/lacanibal.com\\\/#\\\/schema\\\/logo\\\/image\\\/\"},\"sameAs\":[\"https:\\\/\\\/www.facebook.com\\\/lacanibalvinos\",\"https:\\\/\\\/www.youtube.com\\\/channel\\\/UCKDKKCpFZc3c5GCSB9GAJHQ\",\"https:\\\/\\\/www.instagram.com\\\/lacanibal_\\\/\"]}]}<\/script>\n<!-- \/ Yoast SEO plugin. -->","yoast_head_json":{"title":"Visita a F\u00e1brica de Cerveza Artesanal en Madrid 08\/05 | La Can\u00edbal","description":"Una experiencia para disfrutar del sabor, la historia y la pasi\u00f3n por la cerveza. Visita guiada, mientras pruebas una pinta de nuestra cerveza artesanal","robots":{"index":"index","follow":"follow","max-snippet":"max-snippet:-1","max-image-preview":"max-image-preview:large","max-video-preview":"max-video-preview:-1"},"canonical":"https:\/\/lacanibal.com\/en\/product\/visita-a-fabrica-de-cerveza-artesanal-en-madrid-08-05\/","og_locale":"en_GB","og_type":"article","og_title":"Visita a F\u00e1brica de Cerveza Artesanal en Madrid 08\/05 | La Can\u00edbal","og_description":"Una experiencia para disfrutar del sabor, la historia y la pasi\u00f3n por la cerveza. Visita guiada, mientras pruebas una pinta de nuestra cerveza artesanal","og_url":"https:\/\/lacanibal.com\/en\/product\/visita-a-fabrica-de-cerveza-artesanal-en-madrid-08-05\/","og_site_name":"La Can\u00edbal","article_publisher":"https:\/\/www.facebook.com\/lacanibalvinos","article_modified_time":"2026-04-16T07:39:00+00:00","og_image":[{"width":1000,"height":1000,"url":"https:\/\/lacanibal.com\/wp-content\/uploads\/2025\/10\/Historia-para-instagram-evento-scaled-e1760713762801.jpg","type":"image\/jpeg"}],"twitter_card":"summary_large_image","twitter_misc":{"Estimated reading time":"2 minutes"},"schema":{"@context":"https:\/\/schema.org","@graph":[{"@type":"WebPage","@id":"https:\/\/lacanibal.com\/producto\/visita-a-fabrica-de-cerveza-artesanal-en-madrid-08-05\/","url":"https:\/\/lacanibal.com\/producto\/visita-a-fabrica-de-cerveza-artesanal-en-madrid-08-05\/","name":"Visita a F\u00e1brica de Cerveza Artesanal en Madrid 08\/05 | La Can\u00edbal","isPartOf":{"@id":"https:\/\/lacanibal.com\/#website"},"primaryImageOfPage":{"@id":"https:\/\/lacanibal.com\/producto\/visita-a-fabrica-de-cerveza-artesanal-en-madrid-08-05\/#primaryimage"},"image":{"@id":"https:\/\/lacanibal.com\/producto\/visita-a-fabrica-de-cerveza-artesanal-en-madrid-08-05\/#primaryimage"},"thumbnailUrl":"https:\/\/lacanibal.com\/wp-content\/uploads\/2025\/10\/Historia-para-instagram-evento-scaled-e1760713762801.jpg","datePublished":"2026-04-16T07:38:35+00:00","dateModified":"2026-04-16T07:39:00+00:00","description":"Una experiencia para disfrutar del sabor, la historia y la pasi\u00f3n por la cerveza. Visita guiada, mientras pruebas una pinta de nuestra cerveza artesanal","breadcrumb":{"@id":"https:\/\/lacanibal.com\/producto\/visita-a-fabrica-de-cerveza-artesanal-en-madrid-08-05\/#breadcrumb"},"inLanguage":"en-GB","potentialAction":[{"@type":"ReadAction","target":["https:\/\/lacanibal.com\/producto\/visita-a-fabrica-de-cerveza-artesanal-en-madrid-08-05\/"]}]},{"@type":"ImageObject","inLanguage":"en-GB","@id":"https:\/\/lacanibal.com\/producto\/visita-a-fabrica-de-cerveza-artesanal-en-madrid-08-05\/#primaryimage","url":"https:\/\/lacanibal.com\/wp-content\/uploads\/2025\/10\/Historia-para-instagram-evento-scaled-e1760713762801.jpg","contentUrl":"https:\/\/lacanibal.com\/wp-content\/uploads\/2025\/10\/Historia-para-instagram-evento-scaled-e1760713762801.jpg","width":1000,"height":1000},{"@type":"BreadcrumbList","@id":"https:\/\/lacanibal.com\/producto\/visita-a-fabrica-de-cerveza-artesanal-en-madrid-08-05\/#breadcrumb","itemListElement":[{"@type":"ListItem","position":1,"name":"Home","item":"https:\/\/lacanibal.com\/"},{"@type":"ListItem","position":2,"name":"Eventos en La Can\u00edbal","item":"https:\/\/lacanibal.com\/eventos\/"},{"@type":"ListItem","position":3,"name":"Visita a F\u00e1brica de Cerveza Artesanal en Madrid 08\/05"}]},{"@type":"WebSite","@id":"https:\/\/lacanibal.com\/#website","url":"https:\/\/lacanibal.com\/","name":"La Canibal","description":"Cervezas, vinos, gastronom\u00eda y experiencias en Madrid","publisher":{"@id":"https:\/\/lacanibal.com\/#organization"},"potentialAction":[{"@type":"SearchAction","target":{"@type":"EntryPoint","urlTemplate":"https:\/\/lacanibal.com\/?s={search_term_string}"},"query-input":{"@type":"PropertyValueSpecification","valueRequired":true,"valueName":"search_term_string"}}],"inLanguage":"en-GB"},{"@type":"Organization","@id":"https:\/\/lacanibal.com\/#organization","name":"La Canibal","url":"https:\/\/lacanibal.com\/","logo":{"@type":"ImageObject","inLanguage":"en-GB","@id":"https:\/\/lacanibal.com\/#\/schema\/logo\/image\/","url":"https:\/\/lacanibal.com\/wp-content\/uploads\/2023\/11\/head-email.png","contentUrl":"https:\/\/lacanibal.com\/wp-content\/uploads\/2023\/11\/head-email.png","width":1000,"height":499,"caption":"La Canibal"},"image":{"@id":"https:\/\/lacanibal.com\/#\/schema\/logo\/image\/"},"sameAs":["https:\/\/www.facebook.com\/lacanibalvinos","https:\/\/www.youtube.com\/channel\/UCKDKKCpFZc3c5GCSB9GAJHQ","https:\/\/www.instagram.com\/lacanibal_\/"]}]}},"jetpack_sharing_enabled":true,"_links":{"self":[{"href":"https:\/\/lacanibal.com\/en\/wp-json\/wp\/v2\/product\/5998","targetHints":{"allow":["GET"]}}],"collection":[{"href":"https:\/\/lacanibal.com\/en\/wp-json\/wp\/v2\/product"}],"about":[{"href":"https:\/\/lacanibal.com\/en\/wp-json\/wp\/v2\/types\/product"}],"wp:featuredmedia":[{"embeddable":true,"href":"https:\/\/lacanibal.com\/en\/wp-json\/wp\/v2\/media\/4220"}],"wp:attachment":[{"href":"https:\/\/lacanibal.com\/en\/wp-json\/wp\/v2\/media?parent=5998"}],"wp:term":[{"taxonomy":"product_brand","embeddable":true,"href":"https:\/\/lacanibal.com\/en\/wp-json\/wp\/v2\/product_brand?post=5998"},{"taxonomy":"product_cat","embeddable":true,"href":"https:\/\/lacanibal.com\/en\/wp-json\/wp\/v2\/product_cat?post=5998"},{"taxonomy":"product_tag","embeddable":true,"href":"https:\/\/lacanibal.com\/en\/wp-json\/wp\/v2\/product_tag?post=5998"}],"curies":[{"name":"wp","href":"https:\/\/api.w.org\/{rel}","templated":true}]}}