{"id":6011,"date":"2026-04-16T09:43:40","date_gmt":"2026-04-16T07:43:40","guid":{"rendered":"https:\/\/lacanibal.com\/?post_type=product&#038;p=6011"},"modified":"2026-04-16T09:44:32","modified_gmt":"2026-04-16T07:44:32","slug":"monologo-con-opcion-a-visita-de-la-fabrica-y-cerveza-29-05","status":"publish","type":"product","link":"https:\/\/lacanibal.com\/en\/product\/monologo-con-opcion-a-visita-de-la-fabrica-y-cerveza-29-05\/","title":{"rendered":"Mon\u00f3logo con opci\u00f3n a visita de La F\u00e1brica y cerveza 29\/05"},"content":{"rendered":"<div class=\"wpb-content-wrapper\"><div data-parent=\"true\" class=\"vc_row row-container\" id=\"row-unique-0\"><div class=\"row limit-width row-parent\"><div class=\"wpb_row row-inner\"><div class=\"wpb_column pos-top pos-center align_left column_parent col-lg-12 single-internal-gutter\"><div class=\"uncol style-light\"  ><div class=\"uncoltable\"><div class=\"uncell no-block-padding\" ><div class=\"uncont\" ><div class=\"uncode_text_column\" ><p>\n<span class=\"font-279063\"><b>\u2728Elige tu opci\u00f3n para completar la experiencia\u2728<\/b><\/span><\/p>\n<h3><span class=\"font-279063\"><b>\u00a1Vive una noche diferente en La Escena Can\u00edbal!<\/b><\/span><\/h3>\n<p><span class=\"font-279063\"><span style=\"font-weight: 400;\">\ud83d\udcc5 <\/span><b>Todos los viernes\u00a0<\/b><b><br \/>\n<\/b><span style=\"font-weight: 400;\">\ud83d\udd57 <\/span><b>De 20:00h a 22:00h<\/b><b><br \/>\n<\/b><span style=\"font-weight: 400;\">\ud83d\udccd <\/span><b>Juli\u00e1n Camarillo, 19 \u2013 La Can\u00edbal (F\u00e1brica de Cerveza)<\/b><b><br \/>\n<\/b><b><br \/>\n<\/b><b>\ud83c\udfad Show de Comedia<br \/>\n<\/b><span style=\"font-weight: 400;\">Si lo tuyo son las risas, ven directamente al espect\u00e1culo, r\u00ede, disfruta y descubre nuevos talentos en un ambiente \u00fanico. Mon\u00f3logos, micro abierto y mucho humor.<\/span><span style=\"font-weight: 400;\"><br \/>\n<\/span><span style=\"font-weight: 400;\">\ud83d\udcb0 <\/span><b>Entrada desde 10 \u20ac<\/b><\/span><\/p>\n<p><span class=\"font-279063\"><b>\ud83c\udf7a Visita + Pinta + Comedia<br \/>\n<\/b><span style=\"font-weight: 400;\">Descubre nuestra f\u00e1brica en una breve visita guiada y disfruta de una <\/span><b>pinta de una de nuestras <\/b><span style=\"font-weight: 400;\">cervezas artesanales. Despu\u00e9s, rel\u00e1jate con un <\/span><b>show de comedia<\/b><span style=\"font-weight: 400;\"> lleno de risas y talento emergente. La combinaci\u00f3n perfecta de buena cerveza y humor.<\/span><span style=\"font-weight: 400;\"><br \/>\n<\/span><span style=\"font-weight: 400;\">\ud83d\udcb0 <\/span><b>18 \u20ac por persona<\/b><b><\/b><\/span><\/p>\n<p><span class=\"font-279063\"><b>\ud83c\udf7d\ufe0f Visita + Comedia + Cena<br \/>\n<\/b><span style=\"font-weight: 400;\">\u00bfQuieres una experiencia completa?<\/span><span style=\"font-weight: 400;\"><br \/>\n<\/span><span style=\"font-weight: 400;\">Reserva en el apartado de La F\u00e1brica de nuestra<a href=\"https:\/\/lacanibal.com\/la-fabrica\/#fabrica\"> web<\/a> para cenar despu\u00e9s del espect\u00e1culo y <b>disfruta de un 15% de descuento<\/b>, para vivir tu noche al m\u00e1ximo!<\/span><\/span><\/p>\n<p><span class=\"font-279063\"><b><\/b> <b>Qu\u00e9 incluye todas las experiencias:<br \/>\n<\/b><span style=\"font-weight: 400;\">\u2705 Visita guiada a la f\u00e1brica<\/span><span style=\"font-weight: 400;\"><br \/>\n<\/span><span style=\"font-weight: 400;\">\u2705 1 Pinta de cerveza La Can\u00edbal a tu elecci\u00f3n\u00a0<\/span><span style=\"font-weight: 400;\"><br \/>\n<\/span><span style=\"font-weight: 400;\">\u2705 Show de comedia con artistas emergentes<\/span><span style=\"font-weight: 400;\"><br \/>\n<\/span><span style=\"font-weight: 400;\"><br \/>\n<\/span><span style=\"font-weight: 400;\">\ud83d\udce9 <\/span><b>\u00bfTienes dudas o vienes en grupo?<\/b><b><br \/>\n<\/b><span style=\"font-weight: 400;\"> Escr\u00edbenos a <\/span><b>fabrica@lacanibal.com<\/b><\/span><\/p>\n<p>\n<\/div><\/div><\/div><\/div><\/div><\/div><script id=\"script-row-unique-0\" data-row=\"script-row-unique-0\" type=\"text\/javascript\" class=\"vc_controls\">UNCODE.initRow(document.getElementById(\"row-unique-0\"));<\/script><\/div><\/div><\/div>\n<\/div>","protected":false},"excerpt":{"rendered":"\u2728Elige tu opci\u00f3n para completar la experiencia\u2728 \u00a1Vive una noche diferente en La Escena Can\u00edbal! \ud83d\udcc5 Todos los viernes\u00a0 \ud83d\udd57 [...]","protected":false},"featured_media":5945,"template":"","meta":[],"product_brand":[],"product_cat":[20],"product_tag":[],"class_list":{"0":"post-6011","1":"product","2":"type-product","3":"status-publish","4":"has-post-thumbnail","6":"product_cat-la-fabrica","7":"pa_completa-tu-experiencia-monologo","8":"pa_completa-tu-experiencia-visita-pinta-cerveza","10":"first","11":"instock","12":"taxable","13":"shipping-taxable","14":"purchasable","15":"product-type-variable"},"yoast_head":"<!-- This site is optimized with the Yoast SEO plugin v27.4 - https:\/\/yoast.com\/product\/yoast-seo-wordpress\/ -->\n<title>Mon\u00f3logo con opci\u00f3n a visita de La F\u00e1brica y cerveza 29\/05 | La Can\u00edbal<\/title>\n<meta name=\"description\" content=\"\u00bfBuscando plan para el viernes? Mon\u00f3logo de micro abierto en la F\u00e1brica de cervezas La Can\u00edbal. completa la experiencia con una pinta y una visita guiada.\" \/>\n<meta name=\"robots\" content=\"index, follow, max-snippet:-1, max-image-preview:large, max-video-preview:-1\" \/>\n<link rel=\"canonical\" href=\"https:\/\/lacanibal.com\/en\/product\/monologo-con-opcion-a-visita-de-la-fabrica-y-cerveza-29-05\/\" \/>\n<meta property=\"og:locale\" content=\"en_GB\" \/>\n<meta property=\"og:type\" content=\"article\" \/>\n<meta property=\"og:title\" content=\"Mon\u00f3logo con opci\u00f3n a visita de La F\u00e1brica y cerveza 29\/05 | La Can\u00edbal\" \/>\n<meta property=\"og:description\" content=\"\u00bfBuscando plan para el viernes? Mon\u00f3logo de micro abierto en la F\u00e1brica de cervezas La Can\u00edbal. completa la experiencia con una pinta y una visita guiada.\" \/>\n<meta property=\"og:url\" content=\"https:\/\/lacanibal.com\/en\/product\/monologo-con-opcion-a-visita-de-la-fabrica-y-cerveza-29-05\/\" \/>\n<meta property=\"og:site_name\" content=\"La Can\u00edbal\" \/>\n<meta property=\"article:publisher\" content=\"https:\/\/www.facebook.com\/lacanibalvinos\" \/>\n<meta property=\"article:modified_time\" content=\"2026-04-16T07:44:32+00:00\" \/>\n<meta property=\"og:image\" content=\"https:\/\/lacanibal.com\/wp-content\/uploads\/2026\/03\/Historia-para-instagram-evento-3-scaled-e1775551213525.jpg\" \/>\n\t<meta property=\"og:image:width\" content=\"1500\" \/>\n\t<meta property=\"og:image:height\" content=\"1500\" \/>\n\t<meta property=\"og:image:type\" content=\"image\/jpeg\" \/>\n<meta name=\"twitter:card\" content=\"summary_large_image\" \/>\n<meta name=\"twitter:label1\" content=\"Estimated reading time\" \/>\n\t<meta name=\"twitter:data1\" content=\"2 minutes\" \/>\n<script type=\"application\/ld+json\" class=\"yoast-schema-graph\">{\"@context\":\"https:\\\/\\\/schema.org\",\"@graph\":[{\"@type\":\"WebPage\",\"@id\":\"https:\\\/\\\/lacanibal.com\\\/producto\\\/monologo-con-opcion-a-visita-de-la-fabrica-y-cerveza-29-05\\\/\",\"url\":\"https:\\\/\\\/lacanibal.com\\\/producto\\\/monologo-con-opcion-a-visita-de-la-fabrica-y-cerveza-29-05\\\/\",\"name\":\"Mon\u00f3logo con opci\u00f3n a visita de La F\u00e1brica y cerveza 29\\\/05 | La Can\u00edbal\",\"isPartOf\":{\"@id\":\"https:\\\/\\\/lacanibal.com\\\/#website\"},\"primaryImageOfPage\":{\"@id\":\"https:\\\/\\\/lacanibal.com\\\/producto\\\/monologo-con-opcion-a-visita-de-la-fabrica-y-cerveza-29-05\\\/#primaryimage\"},\"image\":{\"@id\":\"https:\\\/\\\/lacanibal.com\\\/producto\\\/monologo-con-opcion-a-visita-de-la-fabrica-y-cerveza-29-05\\\/#primaryimage\"},\"thumbnailUrl\":\"https:\\\/\\\/lacanibal.com\\\/wp-content\\\/uploads\\\/2026\\\/03\\\/Historia-para-instagram-evento-3-scaled-e1775551213525.jpg\",\"datePublished\":\"2026-04-16T07:43:40+00:00\",\"dateModified\":\"2026-04-16T07:44:32+00:00\",\"description\":\"\u00bfBuscando plan para el viernes? Mon\u00f3logo de micro abierto en la F\u00e1brica de cervezas La Can\u00edbal. completa la experiencia con una pinta y una visita guiada.\",\"breadcrumb\":{\"@id\":\"https:\\\/\\\/lacanibal.com\\\/producto\\\/monologo-con-opcion-a-visita-de-la-fabrica-y-cerveza-29-05\\\/#breadcrumb\"},\"inLanguage\":\"en-GB\",\"potentialAction\":[{\"@type\":\"ReadAction\",\"target\":[\"https:\\\/\\\/lacanibal.com\\\/producto\\\/monologo-con-opcion-a-visita-de-la-fabrica-y-cerveza-29-05\\\/\"]}]},{\"@type\":\"ImageObject\",\"inLanguage\":\"en-GB\",\"@id\":\"https:\\\/\\\/lacanibal.com\\\/producto\\\/monologo-con-opcion-a-visita-de-la-fabrica-y-cerveza-29-05\\\/#primaryimage\",\"url\":\"https:\\\/\\\/lacanibal.com\\\/wp-content\\\/uploads\\\/2026\\\/03\\\/Historia-para-instagram-evento-3-scaled-e1775551213525.jpg\",\"contentUrl\":\"https:\\\/\\\/lacanibal.com\\\/wp-content\\\/uploads\\\/2026\\\/03\\\/Historia-para-instagram-evento-3-scaled-e1775551213525.jpg\",\"width\":1500,\"height\":1500},{\"@type\":\"BreadcrumbList\",\"@id\":\"https:\\\/\\\/lacanibal.com\\\/producto\\\/monologo-con-opcion-a-visita-de-la-fabrica-y-cerveza-29-05\\\/#breadcrumb\",\"itemListElement\":[{\"@type\":\"ListItem\",\"position\":1,\"name\":\"Home\",\"item\":\"https:\\\/\\\/lacanibal.com\\\/\"},{\"@type\":\"ListItem\",\"position\":2,\"name\":\"Eventos en La Can\u00edbal\",\"item\":\"https:\\\/\\\/lacanibal.com\\\/eventos\\\/\"},{\"@type\":\"ListItem\",\"position\":3,\"name\":\"Mon\u00f3logo con opci\u00f3n a visita de La F\u00e1brica y cerveza 29\\\/05\"}]},{\"@type\":\"WebSite\",\"@id\":\"https:\\\/\\\/lacanibal.com\\\/#website\",\"url\":\"https:\\\/\\\/lacanibal.com\\\/\",\"name\":\"La Canibal\",\"description\":\"Cervezas, vinos, gastronom\u00eda y experiencias en Madrid\",\"publisher\":{\"@id\":\"https:\\\/\\\/lacanibal.com\\\/#organization\"},\"potentialAction\":[{\"@type\":\"SearchAction\",\"target\":{\"@type\":\"EntryPoint\",\"urlTemplate\":\"https:\\\/\\\/lacanibal.com\\\/?s={search_term_string}\"},\"query-input\":{\"@type\":\"PropertyValueSpecification\",\"valueRequired\":true,\"valueName\":\"search_term_string\"}}],\"inLanguage\":\"en-GB\"},{\"@type\":\"Organization\",\"@id\":\"https:\\\/\\\/lacanibal.com\\\/#organization\",\"name\":\"La Canibal\",\"url\":\"https:\\\/\\\/lacanibal.com\\\/\",\"logo\":{\"@type\":\"ImageObject\",\"inLanguage\":\"en-GB\",\"@id\":\"https:\\\/\\\/lacanibal.com\\\/#\\\/schema\\\/logo\\\/image\\\/\",\"url\":\"https:\\\/\\\/lacanibal.com\\\/wp-content\\\/uploads\\\/2023\\\/11\\\/head-email.png\",\"contentUrl\":\"https:\\\/\\\/lacanibal.com\\\/wp-content\\\/uploads\\\/2023\\\/11\\\/head-email.png\",\"width\":1000,\"height\":499,\"caption\":\"La Canibal\"},\"image\":{\"@id\":\"https:\\\/\\\/lacanibal.com\\\/#\\\/schema\\\/logo\\\/image\\\/\"},\"sameAs\":[\"https:\\\/\\\/www.facebook.com\\\/lacanibalvinos\",\"https:\\\/\\\/www.youtube.com\\\/channel\\\/UCKDKKCpFZc3c5GCSB9GAJHQ\",\"https:\\\/\\\/www.instagram.com\\\/lacanibal_\\\/\"]}]}<\/script>\n<!-- \/ Yoast SEO plugin. -->","yoast_head_json":{"title":"Mon\u00f3logo con opci\u00f3n a visita de La F\u00e1brica y cerveza 29\/05 | La Can\u00edbal","description":"\u00bfBuscando plan para el viernes? Mon\u00f3logo de micro abierto en la F\u00e1brica de cervezas La Can\u00edbal. completa la experiencia con una pinta y una visita guiada.","robots":{"index":"index","follow":"follow","max-snippet":"max-snippet:-1","max-image-preview":"max-image-preview:large","max-video-preview":"max-video-preview:-1"},"canonical":"https:\/\/lacanibal.com\/en\/product\/monologo-con-opcion-a-visita-de-la-fabrica-y-cerveza-29-05\/","og_locale":"en_GB","og_type":"article","og_title":"Mon\u00f3logo con opci\u00f3n a visita de La F\u00e1brica y cerveza 29\/05 | La Can\u00edbal","og_description":"\u00bfBuscando plan para el viernes? Mon\u00f3logo de micro abierto en la F\u00e1brica de cervezas La Can\u00edbal. completa la experiencia con una pinta y una visita guiada.","og_url":"https:\/\/lacanibal.com\/en\/product\/monologo-con-opcion-a-visita-de-la-fabrica-y-cerveza-29-05\/","og_site_name":"La Can\u00edbal","article_publisher":"https:\/\/www.facebook.com\/lacanibalvinos","article_modified_time":"2026-04-16T07:44:32+00:00","og_image":[{"width":1500,"height":1500,"url":"https:\/\/lacanibal.com\/wp-content\/uploads\/2026\/03\/Historia-para-instagram-evento-3-scaled-e1775551213525.jpg","type":"image\/jpeg"}],"twitter_card":"summary_large_image","twitter_misc":{"Estimated reading time":"2 minutes"},"schema":{"@context":"https:\/\/schema.org","@graph":[{"@type":"WebPage","@id":"https:\/\/lacanibal.com\/producto\/monologo-con-opcion-a-visita-de-la-fabrica-y-cerveza-29-05\/","url":"https:\/\/lacanibal.com\/producto\/monologo-con-opcion-a-visita-de-la-fabrica-y-cerveza-29-05\/","name":"Mon\u00f3logo con opci\u00f3n a visita de La F\u00e1brica y cerveza 29\/05 | La Can\u00edbal","isPartOf":{"@id":"https:\/\/lacanibal.com\/#website"},"primaryImageOfPage":{"@id":"https:\/\/lacanibal.com\/producto\/monologo-con-opcion-a-visita-de-la-fabrica-y-cerveza-29-05\/#primaryimage"},"image":{"@id":"https:\/\/lacanibal.com\/producto\/monologo-con-opcion-a-visita-de-la-fabrica-y-cerveza-29-05\/#primaryimage"},"thumbnailUrl":"https:\/\/lacanibal.com\/wp-content\/uploads\/2026\/03\/Historia-para-instagram-evento-3-scaled-e1775551213525.jpg","datePublished":"2026-04-16T07:43:40+00:00","dateModified":"2026-04-16T07:44:32+00:00","description":"\u00bfBuscando plan para el viernes? Mon\u00f3logo de micro abierto en la F\u00e1brica de cervezas La Can\u00edbal. completa la experiencia con una pinta y una visita guiada.","breadcrumb":{"@id":"https:\/\/lacanibal.com\/producto\/monologo-con-opcion-a-visita-de-la-fabrica-y-cerveza-29-05\/#breadcrumb"},"inLanguage":"en-GB","potentialAction":[{"@type":"ReadAction","target":["https:\/\/lacanibal.com\/producto\/monologo-con-opcion-a-visita-de-la-fabrica-y-cerveza-29-05\/"]}]},{"@type":"ImageObject","inLanguage":"en-GB","@id":"https:\/\/lacanibal.com\/producto\/monologo-con-opcion-a-visita-de-la-fabrica-y-cerveza-29-05\/#primaryimage","url":"https:\/\/lacanibal.com\/wp-content\/uploads\/2026\/03\/Historia-para-instagram-evento-3-scaled-e1775551213525.jpg","contentUrl":"https:\/\/lacanibal.com\/wp-content\/uploads\/2026\/03\/Historia-para-instagram-evento-3-scaled-e1775551213525.jpg","width":1500,"height":1500},{"@type":"BreadcrumbList","@id":"https:\/\/lacanibal.com\/producto\/monologo-con-opcion-a-visita-de-la-fabrica-y-cerveza-29-05\/#breadcrumb","itemListElement":[{"@type":"ListItem","position":1,"name":"Home","item":"https:\/\/lacanibal.com\/"},{"@type":"ListItem","position":2,"name":"Eventos en La Can\u00edbal","item":"https:\/\/lacanibal.com\/eventos\/"},{"@type":"ListItem","position":3,"name":"Mon\u00f3logo con opci\u00f3n a visita de La F\u00e1brica y cerveza 29\/05"}]},{"@type":"WebSite","@id":"https:\/\/lacanibal.com\/#website","url":"https:\/\/lacanibal.com\/","name":"La Canibal","description":"Cervezas, vinos, gastronom\u00eda y experiencias en Madrid","publisher":{"@id":"https:\/\/lacanibal.com\/#organization"},"potentialAction":[{"@type":"SearchAction","target":{"@type":"EntryPoint","urlTemplate":"https:\/\/lacanibal.com\/?s={search_term_string}"},"query-input":{"@type":"PropertyValueSpecification","valueRequired":true,"valueName":"search_term_string"}}],"inLanguage":"en-GB"},{"@type":"Organization","@id":"https:\/\/lacanibal.com\/#organization","name":"La Canibal","url":"https:\/\/lacanibal.com\/","logo":{"@type":"ImageObject","inLanguage":"en-GB","@id":"https:\/\/lacanibal.com\/#\/schema\/logo\/image\/","url":"https:\/\/lacanibal.com\/wp-content\/uploads\/2023\/11\/head-email.png","contentUrl":"https:\/\/lacanibal.com\/wp-content\/uploads\/2023\/11\/head-email.png","width":1000,"height":499,"caption":"La Canibal"},"image":{"@id":"https:\/\/lacanibal.com\/#\/schema\/logo\/image\/"},"sameAs":["https:\/\/www.facebook.com\/lacanibalvinos","https:\/\/www.youtube.com\/channel\/UCKDKKCpFZc3c5GCSB9GAJHQ","https:\/\/www.instagram.com\/lacanibal_\/"]}]}},"jetpack_sharing_enabled":true,"_links":{"self":[{"href":"https:\/\/lacanibal.com\/en\/wp-json\/wp\/v2\/product\/6011","targetHints":{"allow":["GET"]}}],"collection":[{"href":"https:\/\/lacanibal.com\/en\/wp-json\/wp\/v2\/product"}],"about":[{"href":"https:\/\/lacanibal.com\/en\/wp-json\/wp\/v2\/types\/product"}],"wp:featuredmedia":[{"embeddable":true,"href":"https:\/\/lacanibal.com\/en\/wp-json\/wp\/v2\/media\/5945"}],"wp:attachment":[{"href":"https:\/\/lacanibal.com\/en\/wp-json\/wp\/v2\/media?parent=6011"}],"wp:term":[{"taxonomy":"product_brand","embeddable":true,"href":"https:\/\/lacanibal.com\/en\/wp-json\/wp\/v2\/product_brand?post=6011"},{"taxonomy":"product_cat","embeddable":true,"href":"https:\/\/lacanibal.com\/en\/wp-json\/wp\/v2\/product_cat?post=6011"},{"taxonomy":"product_tag","embeddable":true,"href":"https:\/\/lacanibal.com\/en\/wp-json\/wp\/v2\/product_tag?post=6011"}],"curies":[{"name":"wp","href":"https:\/\/api.w.org\/{rel}","templated":true}]}}