{"id":6018,"date":"2026-04-16T09:47:26","date_gmt":"2026-04-16T07:47:26","guid":{"rendered":"https:\/\/lacanibal.com\/?post_type=product&#038;p=6018"},"modified":"2026-04-16T09:47:59","modified_gmt":"2026-04-16T07:47:59","slug":"experiencia-en-la-fabrica-la-canibal-x-sabeer-09-05","status":"publish","type":"product","link":"https:\/\/lacanibal.com\/en\/product\/experiencia-en-la-fabrica-la-canibal-x-sabeer-09-05\/","title":{"rendered":"Experiencia en La F\u00e1brica La Can\u00edbal x Sabeer 09\/05"},"content":{"rendered":"<div class=\"wpb-content-wrapper\"><div data-parent=\"true\" class=\"vc_row row-container\" id=\"row-unique-0\"><div class=\"row limit-width row-parent\"><div class=\"wpb_row row-inner\"><div class=\"wpb_column pos-top pos-center align_left column_parent col-lg-12 single-internal-gutter\"><div class=\"uncol style-light\"  ><div class=\"uncoltable\"><div class=\"uncell no-block-padding\" ><div class=\"uncont\" ><div class=\"vc_custom_heading_wrap\"><div class=\"heading-text el-text\" ><h2 class=\"h3 badge-style unradius-std style-gris-fabrica-bg\" ><span>D\u00f3nde: La F\u00e1brica &#8211; Juli\u00e1n Camarillo 19<\/span><\/h2><\/div><div class=\"clear\"><\/div><\/div><div class=\"vc_custom_heading_wrap\"><div class=\"heading-text el-text\" ><h2 class=\"h3 text-color-xsdn-color badge-style unradius-std style-amarillo-griferia-bg\" ><span>914 402 395<\/span><\/h2><\/div><div class=\"clear\"><\/div><\/div><div class=\"uncode_text_column\" ><\/p>\n<p>\ud83c\udf7a\u00a1Visita La F\u00e1brica con La Can\u00edbal &amp; Sabeer!<\/p>\n<p>\ud83d\udcc6 <strong>Todos los s\u00e1bados<\/strong><br \/>\n\ud83d\udd52 De 12:00h &#8211; 14:00h<br \/>\n\ud83d\udccdJuli\u00e1n Camarillo, 19 (La Can\u00edbal \u2013 F\u00e1brica de cerveza)<\/p>\n<p>\ud83c\udf7d\ufe0f Reserva para comer en nuestra <strong><a href=\"https:\/\/lacanibal.com\/la-fabrica\/#fabrica\" target=\"_blank\" rel=\"noopener\">web <\/a><\/strong>\u00a0y tendr\u00e1s un 15% de descuento para consumir despu\u00e9s de la experiencia.<\/p>\n<p>\u00a1Ya puedes conseguir tu entrada para vivir una experiencia cervecera \u00fanica!<br \/>\nConoce a fondo c\u00f3mo se hace la cerveza justo en el lugar donde se elabora cada d\u00eda en la F\u00e1brica de cerveza La Can\u00edbal.<\/p>\n<p>La Can\u00edbal y Sabeer, Academia de la Cerveza, te invitan a descubrir:<br \/>\n\u2728 La visita paso a paso a la f\u00e1brica, desde el molino de maltas hasta el fermentador, guiados por un maestro cervecero.<br \/>\n\u2728 La cata de los ingredientes naturales que dan vida a nuestros estilos y sabores.<br \/>\n\u2728 La prueba exclusiva de 1 cerveza directamente del fermentador.<br \/>\n\u2728 Una cata de 4 cervezas en el Aula Museo, rodeados de m\u00e1s de 1.000 botellas de diferentes pa\u00edses y \u00e9pocas.<br \/>\n\u2728 El maridaje con 4 quesos artesanos \ud83e\uddc0.<br \/>\n\u2728 Un divertido juego interactivo con el que podr\u00e1s<br \/>\nganar un pack de degustaci\u00f3n gratis \ud83c\udf81<\/p>\n<p>\ud83d\udccdJuli\u00e1n Camarillo, 19 (La Can\u00edbal \u2013 F\u00e1brica de cerveza)<\/p>\n<p>\ud83c\udf7d\ufe0f Reserva para cenar: Accede a nuestra <strong><a href=\"https:\/\/lacanibal.com\/la-fabrica\/#fabrica\" target=\"_blank\" rel=\"noopener\">web<\/a><\/strong><\/p>\n<p>Entrada por persona 25\u20ac<br \/>\n\u00a1Plazas muy limitadas!<\/p>\n<p>\ud83d\udce9 Dudas fabrica@lacanibal.com<\/p>\n<\/div><\/div><\/div><\/div><\/div><\/div><script id=\"script-row-unique-0\" data-row=\"script-row-unique-0\" type=\"text\/javascript\" class=\"vc_controls\">UNCODE.initRow(document.getElementById(\"row-unique-0\"));<\/script><\/div><\/div><\/div>\n<\/div>","protected":false},"excerpt":{"rendered":"D\u00f3nde: La F\u00e1brica - Juli\u00e1n Camarillo 19914 402 395\ud83c\udf7a\u00a1Visita La F\u00e1brica con La Can\u00edbal &amp; Sabeer! \ud83d\udcc6 Todos los s\u00e1bados [...]","protected":false},"featured_media":5252,"template":"","meta":[],"product_brand":[],"product_cat":[20],"product_tag":[],"class_list":{"0":"post-6018","1":"product","2":"type-product","3":"status-publish","4":"has-post-thumbnail","6":"product_cat-la-fabrica","7":"pa_completa-tu-experiencia-monologo","9":"first","10":"instock","11":"virtual","12":"taxable","13":"purchasable","14":"product-type-simple"},"yoast_head":"<!-- This site is optimized with the Yoast SEO plugin v27.4 - https:\/\/yoast.com\/product\/yoast-seo-wordpress\/ -->\n<title>Experiencia en La F\u00e1brica La Can\u00edbal x Sabeer 09\/05 | La Can\u00edbal<\/title>\n<meta name=\"description\" content=\"Experiencia en la F\u00e1brica de cervezas La Can\u00edbal con un recorrido guiado y haz una cata de sus cervezas con maridaje a medida por SABEER\" \/>\n<meta name=\"robots\" content=\"index, follow, max-snippet:-1, max-image-preview:large, max-video-preview:-1\" \/>\n<link rel=\"canonical\" href=\"https:\/\/lacanibal.com\/en\/product\/experiencia-en-la-fabrica-la-canibal-x-sabeer-09-05\/\" \/>\n<meta property=\"og:locale\" content=\"en_GB\" \/>\n<meta property=\"og:type\" content=\"article\" \/>\n<meta property=\"og:title\" content=\"Experiencia en La F\u00e1brica La Can\u00edbal x Sabeer 09\/05 | La Can\u00edbal\" \/>\n<meta property=\"og:description\" content=\"Experiencia en la F\u00e1brica de cervezas La Can\u00edbal con un recorrido guiado y haz una cata de sus cervezas con maridaje a medida por SABEER\" \/>\n<meta property=\"og:url\" content=\"https:\/\/lacanibal.com\/en\/product\/experiencia-en-la-fabrica-la-canibal-x-sabeer-09-05\/\" \/>\n<meta property=\"og:site_name\" content=\"La Can\u00edbal\" \/>\n<meta property=\"article:publisher\" content=\"https:\/\/www.facebook.com\/lacanibalvinos\" \/>\n<meta property=\"article:modified_time\" content=\"2026-04-16T07:47:59+00:00\" \/>\n<meta property=\"og:image\" content=\"https:\/\/lacanibal.com\/wp-content\/uploads\/2026\/01\/cartel-sabeer-1.jpg\" \/>\n\t<meta property=\"og:image:width\" content=\"1080\" \/>\n\t<meta property=\"og:image:height\" content=\"1080\" \/>\n\t<meta property=\"og:image:type\" content=\"image\/jpeg\" \/>\n<meta name=\"twitter:card\" content=\"summary_large_image\" \/>\n<meta name=\"twitter:label1\" content=\"Estimated reading time\" \/>\n\t<meta name=\"twitter:data1\" content=\"2 minutes\" \/>\n<script type=\"application\/ld+json\" class=\"yoast-schema-graph\">{\"@context\":\"https:\\\/\\\/schema.org\",\"@graph\":[{\"@type\":\"WebPage\",\"@id\":\"https:\\\/\\\/lacanibal.com\\\/producto\\\/experiencia-en-la-fabrica-la-canibal-x-sabeer-09-05\\\/\",\"url\":\"https:\\\/\\\/lacanibal.com\\\/producto\\\/experiencia-en-la-fabrica-la-canibal-x-sabeer-09-05\\\/\",\"name\":\"Experiencia en La F\u00e1brica La Can\u00edbal x Sabeer 09\\\/05 | La Can\u00edbal\",\"isPartOf\":{\"@id\":\"https:\\\/\\\/lacanibal.com\\\/#website\"},\"primaryImageOfPage\":{\"@id\":\"https:\\\/\\\/lacanibal.com\\\/producto\\\/experiencia-en-la-fabrica-la-canibal-x-sabeer-09-05\\\/#primaryimage\"},\"image\":{\"@id\":\"https:\\\/\\\/lacanibal.com\\\/producto\\\/experiencia-en-la-fabrica-la-canibal-x-sabeer-09-05\\\/#primaryimage\"},\"thumbnailUrl\":\"https:\\\/\\\/lacanibal.com\\\/wp-content\\\/uploads\\\/2026\\\/01\\\/cartel-sabeer-1.jpg\",\"datePublished\":\"2026-04-16T07:47:26+00:00\",\"dateModified\":\"2026-04-16T07:47:59+00:00\",\"description\":\"Experiencia en la F\u00e1brica de cervezas La Can\u00edbal con un recorrido guiado y haz una cata de sus cervezas con maridaje a medida por SABEER\",\"breadcrumb\":{\"@id\":\"https:\\\/\\\/lacanibal.com\\\/producto\\\/experiencia-en-la-fabrica-la-canibal-x-sabeer-09-05\\\/#breadcrumb\"},\"inLanguage\":\"en-GB\",\"potentialAction\":[{\"@type\":\"ReadAction\",\"target\":[\"https:\\\/\\\/lacanibal.com\\\/producto\\\/experiencia-en-la-fabrica-la-canibal-x-sabeer-09-05\\\/\"]}]},{\"@type\":\"ImageObject\",\"inLanguage\":\"en-GB\",\"@id\":\"https:\\\/\\\/lacanibal.com\\\/producto\\\/experiencia-en-la-fabrica-la-canibal-x-sabeer-09-05\\\/#primaryimage\",\"url\":\"https:\\\/\\\/lacanibal.com\\\/wp-content\\\/uploads\\\/2026\\\/01\\\/cartel-sabeer-1.jpg\",\"contentUrl\":\"https:\\\/\\\/lacanibal.com\\\/wp-content\\\/uploads\\\/2026\\\/01\\\/cartel-sabeer-1.jpg\",\"width\":1080,\"height\":1080},{\"@type\":\"BreadcrumbList\",\"@id\":\"https:\\\/\\\/lacanibal.com\\\/producto\\\/experiencia-en-la-fabrica-la-canibal-x-sabeer-09-05\\\/#breadcrumb\",\"itemListElement\":[{\"@type\":\"ListItem\",\"position\":1,\"name\":\"Home\",\"item\":\"https:\\\/\\\/lacanibal.com\\\/\"},{\"@type\":\"ListItem\",\"position\":2,\"name\":\"Eventos en La Can\u00edbal\",\"item\":\"https:\\\/\\\/lacanibal.com\\\/eventos\\\/\"},{\"@type\":\"ListItem\",\"position\":3,\"name\":\"Experiencia en La F\u00e1brica La Can\u00edbal x Sabeer 09\\\/05\"}]},{\"@type\":\"WebSite\",\"@id\":\"https:\\\/\\\/lacanibal.com\\\/#website\",\"url\":\"https:\\\/\\\/lacanibal.com\\\/\",\"name\":\"La Canibal\",\"description\":\"Cervezas, vinos, gastronom\u00eda y experiencias en Madrid\",\"publisher\":{\"@id\":\"https:\\\/\\\/lacanibal.com\\\/#organization\"},\"potentialAction\":[{\"@type\":\"SearchAction\",\"target\":{\"@type\":\"EntryPoint\",\"urlTemplate\":\"https:\\\/\\\/lacanibal.com\\\/?s={search_term_string}\"},\"query-input\":{\"@type\":\"PropertyValueSpecification\",\"valueRequired\":true,\"valueName\":\"search_term_string\"}}],\"inLanguage\":\"en-GB\"},{\"@type\":\"Organization\",\"@id\":\"https:\\\/\\\/lacanibal.com\\\/#organization\",\"name\":\"La Canibal\",\"url\":\"https:\\\/\\\/lacanibal.com\\\/\",\"logo\":{\"@type\":\"ImageObject\",\"inLanguage\":\"en-GB\",\"@id\":\"https:\\\/\\\/lacanibal.com\\\/#\\\/schema\\\/logo\\\/image\\\/\",\"url\":\"https:\\\/\\\/lacanibal.com\\\/wp-content\\\/uploads\\\/2023\\\/11\\\/head-email.png\",\"contentUrl\":\"https:\\\/\\\/lacanibal.com\\\/wp-content\\\/uploads\\\/2023\\\/11\\\/head-email.png\",\"width\":1000,\"height\":499,\"caption\":\"La Canibal\"},\"image\":{\"@id\":\"https:\\\/\\\/lacanibal.com\\\/#\\\/schema\\\/logo\\\/image\\\/\"},\"sameAs\":[\"https:\\\/\\\/www.facebook.com\\\/lacanibalvinos\",\"https:\\\/\\\/www.youtube.com\\\/channel\\\/UCKDKKCpFZc3c5GCSB9GAJHQ\",\"https:\\\/\\\/www.instagram.com\\\/lacanibal_\\\/\"]}]}<\/script>\n<!-- \/ Yoast SEO plugin. -->","yoast_head_json":{"title":"Experiencia en La F\u00e1brica La Can\u00edbal x Sabeer 09\/05 | La Can\u00edbal","description":"Experiencia en la F\u00e1brica de cervezas La Can\u00edbal con un recorrido guiado y haz una cata de sus cervezas con maridaje a medida por SABEER","robots":{"index":"index","follow":"follow","max-snippet":"max-snippet:-1","max-image-preview":"max-image-preview:large","max-video-preview":"max-video-preview:-1"},"canonical":"https:\/\/lacanibal.com\/en\/product\/experiencia-en-la-fabrica-la-canibal-x-sabeer-09-05\/","og_locale":"en_GB","og_type":"article","og_title":"Experiencia en La F\u00e1brica La Can\u00edbal x Sabeer 09\/05 | La Can\u00edbal","og_description":"Experiencia en la F\u00e1brica de cervezas La Can\u00edbal con un recorrido guiado y haz una cata de sus cervezas con maridaje a medida por SABEER","og_url":"https:\/\/lacanibal.com\/en\/product\/experiencia-en-la-fabrica-la-canibal-x-sabeer-09-05\/","og_site_name":"La Can\u00edbal","article_publisher":"https:\/\/www.facebook.com\/lacanibalvinos","article_modified_time":"2026-04-16T07:47:59+00:00","og_image":[{"width":1080,"height":1080,"url":"https:\/\/lacanibal.com\/wp-content\/uploads\/2026\/01\/cartel-sabeer-1.jpg","type":"image\/jpeg"}],"twitter_card":"summary_large_image","twitter_misc":{"Estimated reading time":"2 minutes"},"schema":{"@context":"https:\/\/schema.org","@graph":[{"@type":"WebPage","@id":"https:\/\/lacanibal.com\/producto\/experiencia-en-la-fabrica-la-canibal-x-sabeer-09-05\/","url":"https:\/\/lacanibal.com\/producto\/experiencia-en-la-fabrica-la-canibal-x-sabeer-09-05\/","name":"Experiencia en La F\u00e1brica La Can\u00edbal x Sabeer 09\/05 | La Can\u00edbal","isPartOf":{"@id":"https:\/\/lacanibal.com\/#website"},"primaryImageOfPage":{"@id":"https:\/\/lacanibal.com\/producto\/experiencia-en-la-fabrica-la-canibal-x-sabeer-09-05\/#primaryimage"},"image":{"@id":"https:\/\/lacanibal.com\/producto\/experiencia-en-la-fabrica-la-canibal-x-sabeer-09-05\/#primaryimage"},"thumbnailUrl":"https:\/\/lacanibal.com\/wp-content\/uploads\/2026\/01\/cartel-sabeer-1.jpg","datePublished":"2026-04-16T07:47:26+00:00","dateModified":"2026-04-16T07:47:59+00:00","description":"Experiencia en la F\u00e1brica de cervezas La Can\u00edbal con un recorrido guiado y haz una cata de sus cervezas con maridaje a medida por SABEER","breadcrumb":{"@id":"https:\/\/lacanibal.com\/producto\/experiencia-en-la-fabrica-la-canibal-x-sabeer-09-05\/#breadcrumb"},"inLanguage":"en-GB","potentialAction":[{"@type":"ReadAction","target":["https:\/\/lacanibal.com\/producto\/experiencia-en-la-fabrica-la-canibal-x-sabeer-09-05\/"]}]},{"@type":"ImageObject","inLanguage":"en-GB","@id":"https:\/\/lacanibal.com\/producto\/experiencia-en-la-fabrica-la-canibal-x-sabeer-09-05\/#primaryimage","url":"https:\/\/lacanibal.com\/wp-content\/uploads\/2026\/01\/cartel-sabeer-1.jpg","contentUrl":"https:\/\/lacanibal.com\/wp-content\/uploads\/2026\/01\/cartel-sabeer-1.jpg","width":1080,"height":1080},{"@type":"BreadcrumbList","@id":"https:\/\/lacanibal.com\/producto\/experiencia-en-la-fabrica-la-canibal-x-sabeer-09-05\/#breadcrumb","itemListElement":[{"@type":"ListItem","position":1,"name":"Home","item":"https:\/\/lacanibal.com\/"},{"@type":"ListItem","position":2,"name":"Eventos en La Can\u00edbal","item":"https:\/\/lacanibal.com\/eventos\/"},{"@type":"ListItem","position":3,"name":"Experiencia en La F\u00e1brica La Can\u00edbal x Sabeer 09\/05"}]},{"@type":"WebSite","@id":"https:\/\/lacanibal.com\/#website","url":"https:\/\/lacanibal.com\/","name":"La Canibal","description":"Cervezas, vinos, gastronom\u00eda y experiencias en Madrid","publisher":{"@id":"https:\/\/lacanibal.com\/#organization"},"potentialAction":[{"@type":"SearchAction","target":{"@type":"EntryPoint","urlTemplate":"https:\/\/lacanibal.com\/?s={search_term_string}"},"query-input":{"@type":"PropertyValueSpecification","valueRequired":true,"valueName":"search_term_string"}}],"inLanguage":"en-GB"},{"@type":"Organization","@id":"https:\/\/lacanibal.com\/#organization","name":"La Canibal","url":"https:\/\/lacanibal.com\/","logo":{"@type":"ImageObject","inLanguage":"en-GB","@id":"https:\/\/lacanibal.com\/#\/schema\/logo\/image\/","url":"https:\/\/lacanibal.com\/wp-content\/uploads\/2023\/11\/head-email.png","contentUrl":"https:\/\/lacanibal.com\/wp-content\/uploads\/2023\/11\/head-email.png","width":1000,"height":499,"caption":"La Canibal"},"image":{"@id":"https:\/\/lacanibal.com\/#\/schema\/logo\/image\/"},"sameAs":["https:\/\/www.facebook.com\/lacanibalvinos","https:\/\/www.youtube.com\/channel\/UCKDKKCpFZc3c5GCSB9GAJHQ","https:\/\/www.instagram.com\/lacanibal_\/"]}]}},"jetpack_sharing_enabled":true,"_links":{"self":[{"href":"https:\/\/lacanibal.com\/en\/wp-json\/wp\/v2\/product\/6018","targetHints":{"allow":["GET"]}}],"collection":[{"href":"https:\/\/lacanibal.com\/en\/wp-json\/wp\/v2\/product"}],"about":[{"href":"https:\/\/lacanibal.com\/en\/wp-json\/wp\/v2\/types\/product"}],"wp:featuredmedia":[{"embeddable":true,"href":"https:\/\/lacanibal.com\/en\/wp-json\/wp\/v2\/media\/5252"}],"wp:attachment":[{"href":"https:\/\/lacanibal.com\/en\/wp-json\/wp\/v2\/media?parent=6018"}],"wp:term":[{"taxonomy":"product_brand","embeddable":true,"href":"https:\/\/lacanibal.com\/en\/wp-json\/wp\/v2\/product_brand?post=6018"},{"taxonomy":"product_cat","embeddable":true,"href":"https:\/\/lacanibal.com\/en\/wp-json\/wp\/v2\/product_cat?post=6018"},{"taxonomy":"product_tag","embeddable":true,"href":"https:\/\/lacanibal.com\/en\/wp-json\/wp\/v2\/product_tag?post=6018"}],"curies":[{"name":"wp","href":"https:\/\/api.w.org\/{rel}","templated":true}]}}