{"id":6022,"date":"2026-04-16T09:50:17","date_gmt":"2026-04-16T07:50:17","guid":{"rendered":"https:\/\/lacanibal.com\/?post_type=product&#038;p=6022"},"modified":"2026-04-16T09:50:49","modified_gmt":"2026-04-16T07:50:49","slug":"espectaculo-de-magia-09-05-a-las-2030h","status":"publish","type":"product","link":"https:\/\/lacanibal.com\/en\/product\/espectaculo-de-magia-09-05-a-las-2030h\/","title":{"rendered":"Espect\u00e1culo de magia 09\/05 a las 20:30H"},"content":{"rendered":"<h3><strong>Espect\u00e1culo de magia en La Can\u00edbal \ud83c\udfa9<\/strong><\/h3>\n<p><span style=\"font-weight: 400;\">D\u00e9jate sorprender por el arte y la destreza del prestidigitador <\/span><b>Javier Medel<\/b><span style=\"font-weight: 400;\">, uno de los grandes referentes de la magia actual. Un espect\u00e1culo lleno de asombro, humor y elegancia, donde la ilusi\u00f3n cobra vida muy cerca de ti.<\/span><\/p>\n<h4><span style=\"font-weight: 400;\">\ud83d\udcc5 <\/span><b>Todos los s\u00e1bados<\/b><b><br \/>\n<\/b><b><img decoding=\"async\" class=\"emoji\" role=\"img\" draggable=\"false\" src=\"https:\/\/s.w.org\/images\/core\/emoji\/16.0.1\/svg\/1f552.svg\" alt=\"\ud83d\udd52\" \/>\u00a0De\u00a0<strong>20:30h \u2013 21:30h<\/strong><br \/>\n<\/b><span style=\"font-weight: 400;\">\ud83d\udccd <\/span><b>Juli\u00e1n Camarillo, 19 \u2013 La Can\u00edbal (F\u00e1brica de cerveza)<\/b><b><\/b><\/h4>\n<h4><b><\/b><b>\u2728OPCIONES DISPONIBLES\u2728<\/b><\/h4>\n<p><span style=\"font-weight: 400;\">\ud83d\udd2e<\/span><b>Solo Espect\u00e1culo<\/b><b><br \/>\n<\/b><span style=\"font-weight: 400;\">Vive una hora de magia, humor y sorpresa con uno de los magos m\u00e1s premiados del pa\u00eds.<\/span><span style=\"font-weight: 400;\"><br \/>\n<\/span><span style=\"font-weight: 400;\">\ud83d\udcb0<\/span><b>12 \u20ac por persona<\/b><\/p>\n<p><span style=\"font-weight: 400;\">\ud83c\udf7a<\/span><b>Espect\u00e1culo + Pinta de Cerveza<\/b><b><br \/>\n<\/b><span style=\"font-weight: 400;\">Disfruta del show con una de nuestras cervezas artesanas reci\u00e9n tiradas.<\/span><span style=\"font-weight: 400;\"><br \/>\n<\/span><span style=\"font-weight: 400;\">\ud83d\udcb0 <\/span><b>16\u20ac por persona<\/b><b><\/b><\/p>\n<p><span style=\"font-weight: 400;\">\ud83c\udf54<\/span><b>Espect\u00e1culo + Cena<\/b><b><br \/>\n<\/b><span style=\"font-weight: 400;\">\u00bfQuieres una experiencia completa?<\/span><\/p>\n<p><span style=\"font-weight: 400;\">Reserva en el apartado de La F\u00e1brica de nuestra<\/span><a href=\"https:\/\/lacanibal.com\/la-fabrica\/#fabrica\"> <span style=\"font-weight: 400;\">web<\/span><\/a><span style=\"font-weight: 400;\"> para cenar despu\u00e9s del espect\u00e1culo y <\/span><b>disfruta de un 15% de descuento<\/b><span style=\"font-weight: 400;\">, para vivir tu noche al m\u00e1ximo!<\/span><\/p>\n<p><span style=\"font-weight: 400;\">\ud83c\udfab <\/span><b>Plazas muy limitadas \u2013 Reserva tu hora y tu experiencia<\/b><b><br \/>\n<\/b><span style=\"font-weight: 400;\"> \ud83d\udce9 Dudas o reservas para grupos: <\/span><b>fabrica@lacanibal.com<\/b><\/p>","protected":false},"excerpt":{"rendered":"<p>Espect\u00e1culo de magia en La Can\u00edbal \ud83c\udfa9 D\u00e9jate sorprender por el arte y la destreza del prestidigitador Javier Medel, uno [&hellip;]<\/p>\n","protected":false},"featured_media":4658,"template":"","meta":[],"product_brand":[],"product_cat":[20],"product_tag":[],"class_list":{"0":"post-6022","1":"product","2":"type-product","3":"status-publish","4":"has-post-thumbnail","6":"product_cat-la-fabrica","7":"pa_completa-tu-experiencia-pinta-cerveza","8":"pa_completa-tu-experiencia-show-de-magia","10":"first","11":"instock","12":"taxable","13":"shipping-taxable","14":"purchasable","15":"product-type-variable"},"yoast_head":"<!-- This site is optimized with the Yoast SEO plugin v27.4 - https:\/\/yoast.com\/product\/yoast-seo-wordpress\/ -->\n<title>Espect\u00e1culo de magia 09\/05 a las 20:30H | La Can\u00edbal<\/title>\n<meta name=\"description\" content=\"Espect\u00e1culo de magia en La F\u00e1brica La Can\u00edbal todos los viernes. D\u00e9jate sorprender por el mago Javier Medel en su espect\u00e1culo &quot;Las Encantadoras Ilusiones&quot;.\" \/>\n<meta name=\"robots\" content=\"index, follow, max-snippet:-1, max-image-preview:large, max-video-preview:-1\" \/>\n<link rel=\"canonical\" href=\"https:\/\/lacanibal.com\/en\/product\/espectaculo-de-magia-09-05-a-las-2030h\/\" \/>\n<meta property=\"og:locale\" content=\"en_GB\" \/>\n<meta property=\"og:type\" content=\"article\" \/>\n<meta property=\"og:title\" content=\"Espect\u00e1culo de magia 09\/05 a las 20:30H | La Can\u00edbal\" \/>\n<meta property=\"og:description\" content=\"Espect\u00e1culo de magia en La F\u00e1brica La Can\u00edbal todos los viernes. D\u00e9jate sorprender por el mago Javier Medel en su espect\u00e1culo &quot;Las Encantadoras Ilusiones&quot;.\" \/>\n<meta property=\"og:url\" content=\"https:\/\/lacanibal.com\/en\/product\/espectaculo-de-magia-09-05-a-las-2030h\/\" \/>\n<meta property=\"og:site_name\" content=\"La Can\u00edbal\" \/>\n<meta property=\"article:publisher\" content=\"https:\/\/www.facebook.com\/lacanibalvinos\" \/>\n<meta property=\"article:modified_time\" content=\"2026-04-16T07:50:49+00:00\" \/>\n<meta property=\"og:image\" content=\"https:\/\/lacanibal.com\/wp-content\/uploads\/2025\/12\/1.jpg\" \/>\n\t<meta property=\"og:image:width\" content=\"1080\" \/>\n\t<meta property=\"og:image:height\" content=\"1080\" \/>\n\t<meta property=\"og:image:type\" content=\"image\/jpeg\" \/>\n<meta name=\"twitter:card\" content=\"summary_large_image\" \/>\n<meta name=\"twitter:label1\" content=\"Estimated reading time\" \/>\n\t<meta name=\"twitter:data1\" content=\"2 minutes\" \/>\n<script type=\"application\/ld+json\" class=\"yoast-schema-graph\">{\"@context\":\"https:\\\/\\\/schema.org\",\"@graph\":[{\"@type\":\"WebPage\",\"@id\":\"https:\\\/\\\/lacanibal.com\\\/producto\\\/espectaculo-de-magia-09-05-a-las-2030h\\\/\",\"url\":\"https:\\\/\\\/lacanibal.com\\\/producto\\\/espectaculo-de-magia-09-05-a-las-2030h\\\/\",\"name\":\"Espect\u00e1culo de magia 09\\\/05 a las 20:30H | La Can\u00edbal\",\"isPartOf\":{\"@id\":\"https:\\\/\\\/lacanibal.com\\\/#website\"},\"primaryImageOfPage\":{\"@id\":\"https:\\\/\\\/lacanibal.com\\\/producto\\\/espectaculo-de-magia-09-05-a-las-2030h\\\/#primaryimage\"},\"image\":{\"@id\":\"https:\\\/\\\/lacanibal.com\\\/producto\\\/espectaculo-de-magia-09-05-a-las-2030h\\\/#primaryimage\"},\"thumbnailUrl\":\"https:\\\/\\\/lacanibal.com\\\/wp-content\\\/uploads\\\/2025\\\/12\\\/1.jpg\",\"datePublished\":\"2026-04-16T07:50:17+00:00\",\"dateModified\":\"2026-04-16T07:50:49+00:00\",\"description\":\"Espect\u00e1culo de magia en La F\u00e1brica La Can\u00edbal todos los viernes. D\u00e9jate sorprender por el mago Javier Medel en su espect\u00e1culo \\\"Las Encantadoras Ilusiones\\\".\",\"breadcrumb\":{\"@id\":\"https:\\\/\\\/lacanibal.com\\\/producto\\\/espectaculo-de-magia-09-05-a-las-2030h\\\/#breadcrumb\"},\"inLanguage\":\"en-GB\",\"potentialAction\":[{\"@type\":\"ReadAction\",\"target\":[\"https:\\\/\\\/lacanibal.com\\\/producto\\\/espectaculo-de-magia-09-05-a-las-2030h\\\/\"]}]},{\"@type\":\"ImageObject\",\"inLanguage\":\"en-GB\",\"@id\":\"https:\\\/\\\/lacanibal.com\\\/producto\\\/espectaculo-de-magia-09-05-a-las-2030h\\\/#primaryimage\",\"url\":\"https:\\\/\\\/lacanibal.com\\\/wp-content\\\/uploads\\\/2025\\\/12\\\/1.jpg\",\"contentUrl\":\"https:\\\/\\\/lacanibal.com\\\/wp-content\\\/uploads\\\/2025\\\/12\\\/1.jpg\",\"width\":1080,\"height\":1080},{\"@type\":\"BreadcrumbList\",\"@id\":\"https:\\\/\\\/lacanibal.com\\\/producto\\\/espectaculo-de-magia-09-05-a-las-2030h\\\/#breadcrumb\",\"itemListElement\":[{\"@type\":\"ListItem\",\"position\":1,\"name\":\"Home\",\"item\":\"https:\\\/\\\/lacanibal.com\\\/\"},{\"@type\":\"ListItem\",\"position\":2,\"name\":\"Eventos en La Can\u00edbal\",\"item\":\"https:\\\/\\\/lacanibal.com\\\/eventos\\\/\"},{\"@type\":\"ListItem\",\"position\":3,\"name\":\"Espect\u00e1culo de magia 09\\\/05 a las 20:30H\"}]},{\"@type\":\"WebSite\",\"@id\":\"https:\\\/\\\/lacanibal.com\\\/#website\",\"url\":\"https:\\\/\\\/lacanibal.com\\\/\",\"name\":\"La Canibal\",\"description\":\"Cervezas, vinos, gastronom\u00eda y experiencias en Madrid\",\"publisher\":{\"@id\":\"https:\\\/\\\/lacanibal.com\\\/#organization\"},\"potentialAction\":[{\"@type\":\"SearchAction\",\"target\":{\"@type\":\"EntryPoint\",\"urlTemplate\":\"https:\\\/\\\/lacanibal.com\\\/?s={search_term_string}\"},\"query-input\":{\"@type\":\"PropertyValueSpecification\",\"valueRequired\":true,\"valueName\":\"search_term_string\"}}],\"inLanguage\":\"en-GB\"},{\"@type\":\"Organization\",\"@id\":\"https:\\\/\\\/lacanibal.com\\\/#organization\",\"name\":\"La Canibal\",\"url\":\"https:\\\/\\\/lacanibal.com\\\/\",\"logo\":{\"@type\":\"ImageObject\",\"inLanguage\":\"en-GB\",\"@id\":\"https:\\\/\\\/lacanibal.com\\\/#\\\/schema\\\/logo\\\/image\\\/\",\"url\":\"https:\\\/\\\/lacanibal.com\\\/wp-content\\\/uploads\\\/2023\\\/11\\\/head-email.png\",\"contentUrl\":\"https:\\\/\\\/lacanibal.com\\\/wp-content\\\/uploads\\\/2023\\\/11\\\/head-email.png\",\"width\":1000,\"height\":499,\"caption\":\"La Canibal\"},\"image\":{\"@id\":\"https:\\\/\\\/lacanibal.com\\\/#\\\/schema\\\/logo\\\/image\\\/\"},\"sameAs\":[\"https:\\\/\\\/www.facebook.com\\\/lacanibalvinos\",\"https:\\\/\\\/www.youtube.com\\\/channel\\\/UCKDKKCpFZc3c5GCSB9GAJHQ\",\"https:\\\/\\\/www.instagram.com\\\/lacanibal_\\\/\"]}]}<\/script>\n<!-- \/ Yoast SEO plugin. -->","yoast_head_json":{"title":"Espect\u00e1culo de magia 09\/05 a las 20:30H | La Can\u00edbal","description":"Espect\u00e1culo de magia en La F\u00e1brica La Can\u00edbal todos los viernes. D\u00e9jate sorprender por el mago Javier Medel en su espect\u00e1culo \"Las Encantadoras Ilusiones\".","robots":{"index":"index","follow":"follow","max-snippet":"max-snippet:-1","max-image-preview":"max-image-preview:large","max-video-preview":"max-video-preview:-1"},"canonical":"https:\/\/lacanibal.com\/en\/product\/espectaculo-de-magia-09-05-a-las-2030h\/","og_locale":"en_GB","og_type":"article","og_title":"Espect\u00e1culo de magia 09\/05 a las 20:30H | La Can\u00edbal","og_description":"Espect\u00e1culo de magia en La F\u00e1brica La Can\u00edbal todos los viernes. D\u00e9jate sorprender por el mago Javier Medel en su espect\u00e1culo \"Las Encantadoras Ilusiones\".","og_url":"https:\/\/lacanibal.com\/en\/product\/espectaculo-de-magia-09-05-a-las-2030h\/","og_site_name":"La Can\u00edbal","article_publisher":"https:\/\/www.facebook.com\/lacanibalvinos","article_modified_time":"2026-04-16T07:50:49+00:00","og_image":[{"width":1080,"height":1080,"url":"https:\/\/lacanibal.com\/wp-content\/uploads\/2025\/12\/1.jpg","type":"image\/jpeg"}],"twitter_card":"summary_large_image","twitter_misc":{"Estimated reading time":"2 minutes"},"schema":{"@context":"https:\/\/schema.org","@graph":[{"@type":"WebPage","@id":"https:\/\/lacanibal.com\/producto\/espectaculo-de-magia-09-05-a-las-2030h\/","url":"https:\/\/lacanibal.com\/producto\/espectaculo-de-magia-09-05-a-las-2030h\/","name":"Espect\u00e1culo de magia 09\/05 a las 20:30H | La Can\u00edbal","isPartOf":{"@id":"https:\/\/lacanibal.com\/#website"},"primaryImageOfPage":{"@id":"https:\/\/lacanibal.com\/producto\/espectaculo-de-magia-09-05-a-las-2030h\/#primaryimage"},"image":{"@id":"https:\/\/lacanibal.com\/producto\/espectaculo-de-magia-09-05-a-las-2030h\/#primaryimage"},"thumbnailUrl":"https:\/\/lacanibal.com\/wp-content\/uploads\/2025\/12\/1.jpg","datePublished":"2026-04-16T07:50:17+00:00","dateModified":"2026-04-16T07:50:49+00:00","description":"Espect\u00e1culo de magia en La F\u00e1brica La Can\u00edbal todos los viernes. D\u00e9jate sorprender por el mago Javier Medel en su espect\u00e1culo \"Las Encantadoras Ilusiones\".","breadcrumb":{"@id":"https:\/\/lacanibal.com\/producto\/espectaculo-de-magia-09-05-a-las-2030h\/#breadcrumb"},"inLanguage":"en-GB","potentialAction":[{"@type":"ReadAction","target":["https:\/\/lacanibal.com\/producto\/espectaculo-de-magia-09-05-a-las-2030h\/"]}]},{"@type":"ImageObject","inLanguage":"en-GB","@id":"https:\/\/lacanibal.com\/producto\/espectaculo-de-magia-09-05-a-las-2030h\/#primaryimage","url":"https:\/\/lacanibal.com\/wp-content\/uploads\/2025\/12\/1.jpg","contentUrl":"https:\/\/lacanibal.com\/wp-content\/uploads\/2025\/12\/1.jpg","width":1080,"height":1080},{"@type":"BreadcrumbList","@id":"https:\/\/lacanibal.com\/producto\/espectaculo-de-magia-09-05-a-las-2030h\/#breadcrumb","itemListElement":[{"@type":"ListItem","position":1,"name":"Home","item":"https:\/\/lacanibal.com\/"},{"@type":"ListItem","position":2,"name":"Eventos en La Can\u00edbal","item":"https:\/\/lacanibal.com\/eventos\/"},{"@type":"ListItem","position":3,"name":"Espect\u00e1culo de magia 09\/05 a las 20:30H"}]},{"@type":"WebSite","@id":"https:\/\/lacanibal.com\/#website","url":"https:\/\/lacanibal.com\/","name":"La Canibal","description":"Cervezas, vinos, gastronom\u00eda y experiencias en Madrid","publisher":{"@id":"https:\/\/lacanibal.com\/#organization"},"potentialAction":[{"@type":"SearchAction","target":{"@type":"EntryPoint","urlTemplate":"https:\/\/lacanibal.com\/?s={search_term_string}"},"query-input":{"@type":"PropertyValueSpecification","valueRequired":true,"valueName":"search_term_string"}}],"inLanguage":"en-GB"},{"@type":"Organization","@id":"https:\/\/lacanibal.com\/#organization","name":"La Canibal","url":"https:\/\/lacanibal.com\/","logo":{"@type":"ImageObject","inLanguage":"en-GB","@id":"https:\/\/lacanibal.com\/#\/schema\/logo\/image\/","url":"https:\/\/lacanibal.com\/wp-content\/uploads\/2023\/11\/head-email.png","contentUrl":"https:\/\/lacanibal.com\/wp-content\/uploads\/2023\/11\/head-email.png","width":1000,"height":499,"caption":"La Canibal"},"image":{"@id":"https:\/\/lacanibal.com\/#\/schema\/logo\/image\/"},"sameAs":["https:\/\/www.facebook.com\/lacanibalvinos","https:\/\/www.youtube.com\/channel\/UCKDKKCpFZc3c5GCSB9GAJHQ","https:\/\/www.instagram.com\/lacanibal_\/"]}]}},"jetpack_sharing_enabled":true,"_links":{"self":[{"href":"https:\/\/lacanibal.com\/en\/wp-json\/wp\/v2\/product\/6022","targetHints":{"allow":["GET"]}}],"collection":[{"href":"https:\/\/lacanibal.com\/en\/wp-json\/wp\/v2\/product"}],"about":[{"href":"https:\/\/lacanibal.com\/en\/wp-json\/wp\/v2\/types\/product"}],"wp:featuredmedia":[{"embeddable":true,"href":"https:\/\/lacanibal.com\/en\/wp-json\/wp\/v2\/media\/4658"}],"wp:attachment":[{"href":"https:\/\/lacanibal.com\/en\/wp-json\/wp\/v2\/media?parent=6022"}],"wp:term":[{"taxonomy":"product_brand","embeddable":true,"href":"https:\/\/lacanibal.com\/en\/wp-json\/wp\/v2\/product_brand?post=6022"},{"taxonomy":"product_cat","embeddable":true,"href":"https:\/\/lacanibal.com\/en\/wp-json\/wp\/v2\/product_cat?post=6022"},{"taxonomy":"product_tag","embeddable":true,"href":"https:\/\/lacanibal.com\/en\/wp-json\/wp\/v2\/product_tag?post=6022"}],"curies":[{"name":"wp","href":"https:\/\/api.w.org\/{rel}","templated":true}]}}