{"id":6089,"date":"2026-04-17T13:04:38","date_gmt":"2026-04-17T11:04:38","guid":{"rendered":"https:\/\/lacanibal.com\/?post_type=product&#038;p=6089"},"modified":"2026-05-12T10:04:43","modified_gmt":"2026-05-12T08:04:43","slug":"cata-mariana-y-gio-20-05","status":"publish","type":"product","link":"https:\/\/lacanibal.com\/en\/product\/cata-mariana-y-gio-20-05\/","title":{"rendered":"Cata Mariana y Gio 20\/05"},"content":{"rendered":"<div class=\"wpb-content-wrapper\"><div data-parent=\"true\" class=\"vc_row row-container\" id=\"row-unique-0\"><div class=\"row limit-width row-parent\"><div class=\"wpb_row row-inner\"><div class=\"wpb_column pos-top pos-center align_left column_parent col-lg-12 single-internal-gutter\"><div class=\"uncol style-light\"  ><div class=\"uncoltable\"><div class=\"uncell no-block-padding\" ><div class=\"uncont\" ><div class=\"vc_custom_heading_wrap\"><div class=\"heading-text el-text\" ><h2 class=\"h3 badge-style unradius-std style-rojo-canibal-bg\" ><span>D\u00f3nde: La Can\u00edbal &#8211; Argumosa 28<\/span><\/h2><\/div><div class=\"clear\"><\/div><\/div><div class=\"uncode_text_column\" ><\/p>\n<p data-start=\"76\" data-end=\"107\"><strong>Cata Mariana y Gio en La Can\u00edbal \ud83c\udf77<\/strong><\/p>\n<p data-start=\"109\" data-end=\"156\">Dos Almas en el Terru\u00f1o Portugu\u00e9s \ud83c\udf77<br \/>\nDe la esencia del D\u00e3o a la fusi\u00f3n milenaria entre Georgia y Portugal. Una cata a dos voces.<\/p>\n<p data-start=\"158\" data-end=\"175\">\ud83c\udf9f Entrada 25 \u20ac<\/p>\n<p data-start=\"177\" data-end=\"206\">\ud83d\udcc6 Mi\u00e9rcoles 20\/05<br data-start=\"192\" data-end=\"195\" \/>\ud83d\udd52 17:45h<\/p>\n<p>Portugal sirve de lienzo para dos proyectos nacidos de la pasi\u00f3n y el tributo a la tradici\u00f3n.<\/p>\n<p>Por un lado, Mariana Salvador presenta \u00abRevela\u00bb, enfocado en exprimir la pureza del D\u00e3o. Su objetivo es salvar parcelas hist\u00f3ricas de la extinci\u00f3n, elaborando cantidades min\u00fasculas con m\u00ednima intervenci\u00f3n y largas crianzas sobre l\u00edas.<\/p>\n<p>Por otro, Gio Ghezhia trae \u00abPesvebi\u00bb (Mis ra\u00edces en Portugal), una conexi\u00f3n in\u00e9dita: variedades aut\u00f3ctonas de cuatro terru\u00f1os (Vinho Verde, Douro, Bairrada y Alentejo) vinificadas bajo ancestrales m\u00e9todos georgianos. Tras hasta 5 a\u00f1os de guarda silenciosa, lanza estos vinos rindiendo homenaje a sus maestros lusos.<\/p>\n<p>Tendremos una cata excepcional de contrastes y sinergias. Una oportunidad perfecta para descubrir dos miradas j\u00f3venes, cosmopolitas y profundamente conectadas con el origen<\/p>\n<p data-start=\"1248\" data-end=\"1277\">\ud83d\udcc6 Mi\u00e9rcoles 20\/05<br data-start=\"1263\" data-end=\"1266\" \/>\ud83d\udd52 17:45h<\/p>\n<p data-start=\"1279\" data-end=\"1326\">\ud83d\udccd <span style=\"font-weight: 400;\"><a href=\"https:\/\/maps.app.goo.gl\/VqGMmfHUzLx7g8Ra9\"> Calle Argumosa, 28 (La Can\u00edbal &#8211; Lavapi\u00e9s)<\/a><\/span><\/p>\n<p>\n<\/div><\/div><\/div><\/div><\/div><\/div><script id=\"script-row-unique-0\" data-row=\"script-row-unique-0\" type=\"text\/javascript\" class=\"vc_controls\">UNCODE.initRow(document.getElementById(\"row-unique-0\"));<\/script><\/div><\/div><\/div>\n<\/div>","protected":false},"excerpt":{"rendered":"D\u00f3nde: La Can\u00edbal - Argumosa 28Cata Mariana y Gio en La Can\u00edbal \ud83c\udf77 Dos Almas en el Terru\u00f1o Portugu\u00e9s \ud83c\udf77 [...]","protected":false},"featured_media":6246,"template":"","meta":[],"product_brand":[],"product_cat":[18],"product_tag":[],"class_list":{"0":"post-6089","1":"product","2":"type-product","3":"status-publish","4":"has-post-thumbnail","6":"product_cat-la-canibal","8":"first","9":"instock","10":"virtual","11":"taxable","12":"purchasable","13":"product-type-simple"},"yoast_head":"<!-- This site is optimized with the Yoast SEO plugin v27.6 - https:\/\/yoast.com\/product\/yoast-seo-wordpress\/ -->\n<title>Cata Mariana y Gio 20\/05 | La Can\u00edbal %<\/title>\n<meta name=\"description\" content=\"Cata Mariana y Gio en La Can\u00edbal de Lavapi\u00e9s. Una oportunidad perfecta para descubrir dos miradas j\u00f3venes profundamente conectadas con el origen\" \/>\n<meta name=\"robots\" content=\"index, follow, max-snippet:-1, max-image-preview:large, max-video-preview:-1\" \/>\n<link rel=\"canonical\" href=\"https:\/\/lacanibal.com\/en\/product\/cata-mariana-y-gio-20-05\/\" \/>\n<meta property=\"og:locale\" content=\"en_GB\" \/>\n<meta property=\"og:type\" content=\"article\" \/>\n<meta property=\"og:title\" content=\"Cata Mariana y Gio 20\/05 | La Can\u00edbal %\" \/>\n<meta property=\"og:description\" content=\"Cata Mariana y Gio en La Can\u00edbal de Lavapi\u00e9s. Una oportunidad perfecta para descubrir dos miradas j\u00f3venes profundamente conectadas con el origen\" \/>\n<meta property=\"og:url\" content=\"https:\/\/lacanibal.com\/en\/product\/cata-mariana-y-gio-20-05\/\" \/>\n<meta property=\"og:site_name\" content=\"La Can\u00edbal\" \/>\n<meta property=\"article:publisher\" content=\"https:\/\/www.facebook.com\/lacanibalvinos\" \/>\n<meta property=\"article:modified_time\" content=\"2026-05-12T08:04:43+00:00\" \/>\n<meta property=\"og:image\" content=\"https:\/\/lacanibal.com\/wp-content\/uploads\/2026\/04\/carteles-vinos-3-1.jpg\" \/>\n\t<meta property=\"og:image:width\" content=\"1080\" \/>\n\t<meta property=\"og:image:height\" content=\"1080\" \/>\n\t<meta property=\"og:image:type\" content=\"image\/jpeg\" \/>\n<meta name=\"twitter:card\" content=\"summary_large_image\" \/>\n<meta name=\"twitter:label1\" content=\"Estimated reading time\" \/>\n\t<meta name=\"twitter:data1\" content=\"2 minutes\" \/>\n<script type=\"application\/ld+json\" class=\"yoast-schema-graph\">{\"@context\":\"https:\\\/\\\/schema.org\",\"@graph\":[{\"@type\":\"WebPage\",\"@id\":\"https:\\\/\\\/lacanibal.com\\\/producto\\\/cata-mariana-y-gio-20-05\\\/\",\"url\":\"https:\\\/\\\/lacanibal.com\\\/producto\\\/cata-mariana-y-gio-20-05\\\/\",\"name\":\"Cata Mariana y Gio 20\\\/05 | La Can\u00edbal %\",\"isPartOf\":{\"@id\":\"https:\\\/\\\/lacanibal.com\\\/#website\"},\"primaryImageOfPage\":{\"@id\":\"https:\\\/\\\/lacanibal.com\\\/producto\\\/cata-mariana-y-gio-20-05\\\/#primaryimage\"},\"image\":{\"@id\":\"https:\\\/\\\/lacanibal.com\\\/producto\\\/cata-mariana-y-gio-20-05\\\/#primaryimage\"},\"thumbnailUrl\":\"https:\\\/\\\/lacanibal.com\\\/wp-content\\\/uploads\\\/2026\\\/04\\\/carteles-vinos-3-1.jpg\",\"datePublished\":\"2026-04-17T11:04:38+00:00\",\"dateModified\":\"2026-05-12T08:04:43+00:00\",\"description\":\"Cata Mariana y Gio en La Can\u00edbal de Lavapi\u00e9s. Una oportunidad perfecta para descubrir dos miradas j\u00f3venes profundamente conectadas con el origen\",\"breadcrumb\":{\"@id\":\"https:\\\/\\\/lacanibal.com\\\/producto\\\/cata-mariana-y-gio-20-05\\\/#breadcrumb\"},\"inLanguage\":\"en-GB\",\"potentialAction\":[{\"@type\":\"ReadAction\",\"target\":[\"https:\\\/\\\/lacanibal.com\\\/producto\\\/cata-mariana-y-gio-20-05\\\/\"]}]},{\"@type\":\"ImageObject\",\"inLanguage\":\"en-GB\",\"@id\":\"https:\\\/\\\/lacanibal.com\\\/producto\\\/cata-mariana-y-gio-20-05\\\/#primaryimage\",\"url\":\"https:\\\/\\\/lacanibal.com\\\/wp-content\\\/uploads\\\/2026\\\/04\\\/carteles-vinos-3-1.jpg\",\"contentUrl\":\"https:\\\/\\\/lacanibal.com\\\/wp-content\\\/uploads\\\/2026\\\/04\\\/carteles-vinos-3-1.jpg\",\"width\":1080,\"height\":1080,\"caption\":\"Cata Mariana y Gio\"},{\"@type\":\"BreadcrumbList\",\"@id\":\"https:\\\/\\\/lacanibal.com\\\/producto\\\/cata-mariana-y-gio-20-05\\\/#breadcrumb\",\"itemListElement\":[{\"@type\":\"ListItem\",\"position\":1,\"name\":\"Home\",\"item\":\"https:\\\/\\\/lacanibal.com\\\/\"},{\"@type\":\"ListItem\",\"position\":2,\"name\":\"Eventos en La Can\u00edbal\",\"item\":\"https:\\\/\\\/lacanibal.com\\\/eventos\\\/\"},{\"@type\":\"ListItem\",\"position\":3,\"name\":\"Cata Mariana y Gio 20\\\/05\"}]},{\"@type\":\"WebSite\",\"@id\":\"https:\\\/\\\/lacanibal.com\\\/#website\",\"url\":\"https:\\\/\\\/lacanibal.com\\\/\",\"name\":\"La Canibal\",\"description\":\"Cervezas, vinos, gastronom\u00eda y experiencias en Madrid\",\"publisher\":{\"@id\":\"https:\\\/\\\/lacanibal.com\\\/#organization\"},\"potentialAction\":[{\"@type\":\"SearchAction\",\"target\":{\"@type\":\"EntryPoint\",\"urlTemplate\":\"https:\\\/\\\/lacanibal.com\\\/?s={search_term_string}\"},\"query-input\":{\"@type\":\"PropertyValueSpecification\",\"valueRequired\":true,\"valueName\":\"search_term_string\"}}],\"inLanguage\":\"en-GB\"},{\"@type\":\"Organization\",\"@id\":\"https:\\\/\\\/lacanibal.com\\\/#organization\",\"name\":\"La Canibal\",\"url\":\"https:\\\/\\\/lacanibal.com\\\/\",\"logo\":{\"@type\":\"ImageObject\",\"inLanguage\":\"en-GB\",\"@id\":\"https:\\\/\\\/lacanibal.com\\\/#\\\/schema\\\/logo\\\/image\\\/\",\"url\":\"https:\\\/\\\/lacanibal.com\\\/wp-content\\\/uploads\\\/2023\\\/11\\\/head-email.png\",\"contentUrl\":\"https:\\\/\\\/lacanibal.com\\\/wp-content\\\/uploads\\\/2023\\\/11\\\/head-email.png\",\"width\":1000,\"height\":499,\"caption\":\"La Canibal\"},\"image\":{\"@id\":\"https:\\\/\\\/lacanibal.com\\\/#\\\/schema\\\/logo\\\/image\\\/\"},\"sameAs\":[\"https:\\\/\\\/www.facebook.com\\\/lacanibalvinos\",\"https:\\\/\\\/www.youtube.com\\\/channel\\\/UCKDKKCpFZc3c5GCSB9GAJHQ\",\"https:\\\/\\\/www.instagram.com\\\/lacanibal_\\\/\"]}]}<\/script>\n<!-- \/ Yoast SEO plugin. -->","yoast_head_json":{"title":"Cata Mariana y Gio 20\/05 | La Can\u00edbal %","description":"Cata Mariana y Gio en La Can\u00edbal de Lavapi\u00e9s. Una oportunidad perfecta para descubrir dos miradas j\u00f3venes profundamente conectadas con el origen","robots":{"index":"index","follow":"follow","max-snippet":"max-snippet:-1","max-image-preview":"max-image-preview:large","max-video-preview":"max-video-preview:-1"},"canonical":"https:\/\/lacanibal.com\/en\/product\/cata-mariana-y-gio-20-05\/","og_locale":"en_GB","og_type":"article","og_title":"Cata Mariana y Gio 20\/05 | La Can\u00edbal %","og_description":"Cata Mariana y Gio en La Can\u00edbal de Lavapi\u00e9s. Una oportunidad perfecta para descubrir dos miradas j\u00f3venes profundamente conectadas con el origen","og_url":"https:\/\/lacanibal.com\/en\/product\/cata-mariana-y-gio-20-05\/","og_site_name":"La Can\u00edbal","article_publisher":"https:\/\/www.facebook.com\/lacanibalvinos","article_modified_time":"2026-05-12T08:04:43+00:00","og_image":[{"width":1080,"height":1080,"url":"https:\/\/lacanibal.com\/wp-content\/uploads\/2026\/04\/carteles-vinos-3-1.jpg","type":"image\/jpeg"}],"twitter_card":"summary_large_image","twitter_misc":{"Estimated reading time":"2 minutes"},"schema":{"@context":"https:\/\/schema.org","@graph":[{"@type":"WebPage","@id":"https:\/\/lacanibal.com\/producto\/cata-mariana-y-gio-20-05\/","url":"https:\/\/lacanibal.com\/producto\/cata-mariana-y-gio-20-05\/","name":"Cata Mariana y Gio 20\/05 | La Can\u00edbal %","isPartOf":{"@id":"https:\/\/lacanibal.com\/#website"},"primaryImageOfPage":{"@id":"https:\/\/lacanibal.com\/producto\/cata-mariana-y-gio-20-05\/#primaryimage"},"image":{"@id":"https:\/\/lacanibal.com\/producto\/cata-mariana-y-gio-20-05\/#primaryimage"},"thumbnailUrl":"https:\/\/lacanibal.com\/wp-content\/uploads\/2026\/04\/carteles-vinos-3-1.jpg","datePublished":"2026-04-17T11:04:38+00:00","dateModified":"2026-05-12T08:04:43+00:00","description":"Cata Mariana y Gio en La Can\u00edbal de Lavapi\u00e9s. Una oportunidad perfecta para descubrir dos miradas j\u00f3venes profundamente conectadas con el origen","breadcrumb":{"@id":"https:\/\/lacanibal.com\/producto\/cata-mariana-y-gio-20-05\/#breadcrumb"},"inLanguage":"en-GB","potentialAction":[{"@type":"ReadAction","target":["https:\/\/lacanibal.com\/producto\/cata-mariana-y-gio-20-05\/"]}]},{"@type":"ImageObject","inLanguage":"en-GB","@id":"https:\/\/lacanibal.com\/producto\/cata-mariana-y-gio-20-05\/#primaryimage","url":"https:\/\/lacanibal.com\/wp-content\/uploads\/2026\/04\/carteles-vinos-3-1.jpg","contentUrl":"https:\/\/lacanibal.com\/wp-content\/uploads\/2026\/04\/carteles-vinos-3-1.jpg","width":1080,"height":1080,"caption":"Cata Mariana y Gio"},{"@type":"BreadcrumbList","@id":"https:\/\/lacanibal.com\/producto\/cata-mariana-y-gio-20-05\/#breadcrumb","itemListElement":[{"@type":"ListItem","position":1,"name":"Home","item":"https:\/\/lacanibal.com\/"},{"@type":"ListItem","position":2,"name":"Eventos en La Can\u00edbal","item":"https:\/\/lacanibal.com\/eventos\/"},{"@type":"ListItem","position":3,"name":"Cata Mariana y Gio 20\/05"}]},{"@type":"WebSite","@id":"https:\/\/lacanibal.com\/#website","url":"https:\/\/lacanibal.com\/","name":"La Canibal","description":"Cervezas, vinos, gastronom\u00eda y experiencias en Madrid","publisher":{"@id":"https:\/\/lacanibal.com\/#organization"},"potentialAction":[{"@type":"SearchAction","target":{"@type":"EntryPoint","urlTemplate":"https:\/\/lacanibal.com\/?s={search_term_string}"},"query-input":{"@type":"PropertyValueSpecification","valueRequired":true,"valueName":"search_term_string"}}],"inLanguage":"en-GB"},{"@type":"Organization","@id":"https:\/\/lacanibal.com\/#organization","name":"La Canibal","url":"https:\/\/lacanibal.com\/","logo":{"@type":"ImageObject","inLanguage":"en-GB","@id":"https:\/\/lacanibal.com\/#\/schema\/logo\/image\/","url":"https:\/\/lacanibal.com\/wp-content\/uploads\/2023\/11\/head-email.png","contentUrl":"https:\/\/lacanibal.com\/wp-content\/uploads\/2023\/11\/head-email.png","width":1000,"height":499,"caption":"La Canibal"},"image":{"@id":"https:\/\/lacanibal.com\/#\/schema\/logo\/image\/"},"sameAs":["https:\/\/www.facebook.com\/lacanibalvinos","https:\/\/www.youtube.com\/channel\/UCKDKKCpFZc3c5GCSB9GAJHQ","https:\/\/www.instagram.com\/lacanibal_\/"]}]}},"jetpack_sharing_enabled":true,"_links":{"self":[{"href":"https:\/\/lacanibal.com\/en\/wp-json\/wp\/v2\/product\/6089","targetHints":{"allow":["GET"]}}],"collection":[{"href":"https:\/\/lacanibal.com\/en\/wp-json\/wp\/v2\/product"}],"about":[{"href":"https:\/\/lacanibal.com\/en\/wp-json\/wp\/v2\/types\/product"}],"wp:featuredmedia":[{"embeddable":true,"href":"https:\/\/lacanibal.com\/en\/wp-json\/wp\/v2\/media\/6246"}],"wp:attachment":[{"href":"https:\/\/lacanibal.com\/en\/wp-json\/wp\/v2\/media?parent=6089"}],"wp:term":[{"taxonomy":"product_brand","embeddable":true,"href":"https:\/\/lacanibal.com\/en\/wp-json\/wp\/v2\/product_brand?post=6089"},{"taxonomy":"product_cat","embeddable":true,"href":"https:\/\/lacanibal.com\/en\/wp-json\/wp\/v2\/product_cat?post=6089"},{"taxonomy":"product_tag","embeddable":true,"href":"https:\/\/lacanibal.com\/en\/wp-json\/wp\/v2\/product_tag?post=6089"}],"curies":[{"name":"wp","href":"https:\/\/api.w.org\/{rel}","templated":true}]}}