{"id":6105,"date":"2026-04-17T13:11:41","date_gmt":"2026-04-17T11:11:41","guid":{"rendered":"https:\/\/lacanibal.com\/?post_type=product&#038;p=6105"},"modified":"2026-05-12T21:43:47","modified_gmt":"2026-05-12T19:43:47","slug":"cata-vertical-arrayan-28-05","status":"publish","type":"product","link":"https:\/\/lacanibal.com\/en\/product\/cata-vertical-arrayan-28-05\/","title":{"rendered":"Cata vertical Array\u00e1n 28\/05"},"content":{"rendered":"<div class=\"wpb-content-wrapper\"><div data-parent=\"true\" class=\"vc_row row-container\" id=\"row-unique-0\"><div class=\"row limit-width row-parent\"><div class=\"wpb_row row-inner\"><div class=\"wpb_column pos-top pos-center align_left column_parent col-lg-12 single-internal-gutter\"><div class=\"uncol style-light\"  ><div class=\"uncoltable\"><div class=\"uncell no-block-padding\" ><div class=\"uncont\" ><div class=\"vc_custom_heading_wrap\"><div class=\"heading-text el-text\" ><h2 class=\"h3 badge-style unradius-std style-rojo-canibal-bg\" ><span>D\u00f3nde: La Can\u00edbal &#8211; Argumosa 28<\/span><\/h2><\/div><div class=\"clear\"><\/div><\/div><div class=\"uncode_text_column\" ><\/p>\n<p data-start=\"76\" data-end=\"107\"><strong>\ud83c\udf77 Cata Vertical Array\u00e1n en La Can\u00edbal<\/strong><\/p>\n<p data-start=\"109\" data-end=\"156\">Las garnachas de Array\u00e1n: Cata vertical de tres paisajes \ud83c\udf77<\/p>\n<p data-start=\"158\" data-end=\"175\">\ud83c\udf9f Entrada 25 \u20ac<\/p>\n<p data-start=\"177\" data-end=\"206\">\ud83d\udcc6 Jueves 28\/05<br data-start=\"192\" data-end=\"195\" \/>\ud83d\udd52 17:45h<\/p>\n<p>Nacido en 1999 en la Finca La Verdosa (Toledo), Array\u00e1n simboliza la evoluci\u00f3n enol\u00f3gica espa\u00f1ola. Guiado hoy por Mar\u00eda Marsans y la en\u00f3loga Maite S\u00e1nchez, el proyecto ha transitado desde sus or\u00edgenes cercanos a los \u00abvinos de pago\u00bb hasta convertirse en el buque insignia de los vinos de terru\u00f1o y paisaj\u00edsticos. El foco est\u00e1 en interpretar el territorio.<\/p>\n<p>En esta cata vertical y horizontal dirigida por la propia Maite S\u00e1nchez, descubriremos su evoluci\u00f3n probando cinco a\u00f1adas procedentes de tres entornos muy distintos:<\/p>\n<p>Finca La Verdosa: Garnachas blanca y gris (a\u00f1adas 2023 y 2019) cultivadas en la dehesa, sobre suelos arenosos profundos y colinas suaves a 500 metros de altitud.<\/p>\n<p>El Real de San Vicente: Garnacha tinta (2020, 2018 y 2015) de cepas de m\u00e1s de 75 a\u00f1os, en suelos rocosos de granito a 750 metros de altitud, en un entorno de monta\u00f1a.<\/p>\n<p>Cebreros: Garnacha tinta (2020, 2018 y 2015) de vi\u00f1as muy viejas de monta\u00f1a, enraizadas en pronunciadas pendientes de esquisto y pizarra.<\/p>\n<p>Vinos de una expresi\u00f3n fluida, afilada y con una fruta singular. Una oportunidad perfecta para catar la fuerza m\u00e1s pura del entorno y descubrir el extraordinario trabajo de recuperaci\u00f3n de Array\u00e1n.<\/p>\n<p data-start=\"1248\" data-end=\"1277\">\ud83d\udcc6 Jueves 28\/05<br data-start=\"1263\" data-end=\"1266\" \/>\ud83d\udd52 17:45h<\/p>\n<p data-start=\"1279\" data-end=\"1326\">\ud83d\udccd <span style=\"font-weight: 400;\"><a href=\"https:\/\/maps.app.goo.gl\/VqGMmfHUzLx7g8Ra9\"> Calle Argumosa, 28 (La Can\u00edbal &#8211; Lavapi\u00e9s)<\/a><\/span><\/p>\n<p>\n<\/div><\/div><\/div><\/div><\/div><\/div><script id=\"script-row-unique-0\" data-row=\"script-row-unique-0\" type=\"text\/javascript\" class=\"vc_controls\">UNCODE.initRow(document.getElementById(\"row-unique-0\"));<\/script><\/div><\/div><\/div>\n<\/div>","protected":false},"excerpt":{"rendered":"D\u00f3nde: La Can\u00edbal - Argumosa 28\ud83c\udf77 Cata Vertical Array\u00e1n en La Can\u00edbal Las garnachas de Array\u00e1n: Cata vertical de tres [...]","protected":false},"featured_media":6062,"template":"","meta":[],"product_brand":[],"product_cat":[18],"product_tag":[],"class_list":{"0":"post-6105","1":"product","2":"type-product","3":"status-publish","4":"has-post-thumbnail","6":"product_cat-la-canibal","8":"first","9":"instock","10":"virtual","11":"taxable","12":"purchasable","13":"product-type-simple"},"yoast_head":"<!-- This site is optimized with the Yoast SEO plugin v27.6 - https:\/\/yoast.com\/product\/yoast-seo-wordpress\/ -->\n<title>Cata vertical Array\u00e1n 28\/05 | La Can\u00edbal %<\/title>\n<meta name=\"description\" content=\"Cata Vertical de Array\u00e1n en La Can\u00edbal de Lavapi\u00e9s. cinco a\u00f1adas, tres terru\u00f1os y cata guiada por Maite S\u00e1nchez. Plazas muy limitadas.\" \/>\n<meta name=\"robots\" content=\"index, follow, max-snippet:-1, max-image-preview:large, max-video-preview:-1\" \/>\n<link rel=\"canonical\" href=\"https:\/\/lacanibal.com\/en\/product\/cata-vertical-arrayan-28-05\/\" \/>\n<meta property=\"og:locale\" content=\"en_GB\" \/>\n<meta property=\"og:type\" content=\"article\" \/>\n<meta property=\"og:title\" content=\"Cata vertical Array\u00e1n 28\/05 | La Can\u00edbal %\" \/>\n<meta property=\"og:description\" content=\"Cata Vertical de Array\u00e1n en La Can\u00edbal de Lavapi\u00e9s. cinco a\u00f1adas, tres terru\u00f1os y cata guiada por Maite S\u00e1nchez. Plazas muy limitadas.\" \/>\n<meta property=\"og:url\" content=\"https:\/\/lacanibal.com\/en\/product\/cata-vertical-arrayan-28-05\/\" \/>\n<meta property=\"og:site_name\" content=\"La Can\u00edbal\" \/>\n<meta property=\"article:publisher\" content=\"https:\/\/www.facebook.com\/lacanibalvinos\" \/>\n<meta property=\"article:modified_time\" content=\"2026-05-12T19:43:47+00:00\" \/>\n<meta property=\"og:image\" content=\"https:\/\/lacanibal.com\/wp-content\/uploads\/2026\/04\/3-1-scaled-e1776424396166.jpg\" \/>\n\t<meta property=\"og:image:width\" content=\"900\" \/>\n\t<meta property=\"og:image:height\" content=\"900\" \/>\n\t<meta property=\"og:image:type\" content=\"image\/jpeg\" \/>\n<meta name=\"twitter:card\" content=\"summary_large_image\" \/>\n<meta name=\"twitter:label1\" content=\"Estimated reading time\" \/>\n\t<meta name=\"twitter:data1\" content=\"2 minutes\" \/>\n<script type=\"application\/ld+json\" class=\"yoast-schema-graph\">{\"@context\":\"https:\\\/\\\/schema.org\",\"@graph\":[{\"@type\":\"WebPage\",\"@id\":\"https:\\\/\\\/lacanibal.com\\\/producto\\\/cata-vertical-arrayan-28-05\\\/\",\"url\":\"https:\\\/\\\/lacanibal.com\\\/producto\\\/cata-vertical-arrayan-28-05\\\/\",\"name\":\"Cata vertical Array\u00e1n 28\\\/05 | La Can\u00edbal %\",\"isPartOf\":{\"@id\":\"https:\\\/\\\/lacanibal.com\\\/#website\"},\"primaryImageOfPage\":{\"@id\":\"https:\\\/\\\/lacanibal.com\\\/producto\\\/cata-vertical-arrayan-28-05\\\/#primaryimage\"},\"image\":{\"@id\":\"https:\\\/\\\/lacanibal.com\\\/producto\\\/cata-vertical-arrayan-28-05\\\/#primaryimage\"},\"thumbnailUrl\":\"https:\\\/\\\/lacanibal.com\\\/wp-content\\\/uploads\\\/2026\\\/04\\\/3-1-scaled-e1776424396166.jpg\",\"datePublished\":\"2026-04-17T11:11:41+00:00\",\"dateModified\":\"2026-05-12T19:43:47+00:00\",\"description\":\"Cata Vertical de Array\u00e1n en La Can\u00edbal de Lavapi\u00e9s. cinco a\u00f1adas, tres terru\u00f1os y cata guiada por Maite S\u00e1nchez. Plazas muy limitadas.\",\"breadcrumb\":{\"@id\":\"https:\\\/\\\/lacanibal.com\\\/producto\\\/cata-vertical-arrayan-28-05\\\/#breadcrumb\"},\"inLanguage\":\"en-GB\",\"potentialAction\":[{\"@type\":\"ReadAction\",\"target\":[\"https:\\\/\\\/lacanibal.com\\\/producto\\\/cata-vertical-arrayan-28-05\\\/\"]}]},{\"@type\":\"ImageObject\",\"inLanguage\":\"en-GB\",\"@id\":\"https:\\\/\\\/lacanibal.com\\\/producto\\\/cata-vertical-arrayan-28-05\\\/#primaryimage\",\"url\":\"https:\\\/\\\/lacanibal.com\\\/wp-content\\\/uploads\\\/2026\\\/04\\\/3-1-scaled-e1776424396166.jpg\",\"contentUrl\":\"https:\\\/\\\/lacanibal.com\\\/wp-content\\\/uploads\\\/2026\\\/04\\\/3-1-scaled-e1776424396166.jpg\",\"width\":900,\"height\":900},{\"@type\":\"BreadcrumbList\",\"@id\":\"https:\\\/\\\/lacanibal.com\\\/producto\\\/cata-vertical-arrayan-28-05\\\/#breadcrumb\",\"itemListElement\":[{\"@type\":\"ListItem\",\"position\":1,\"name\":\"Home\",\"item\":\"https:\\\/\\\/lacanibal.com\\\/\"},{\"@type\":\"ListItem\",\"position\":2,\"name\":\"Eventos en La Can\u00edbal\",\"item\":\"https:\\\/\\\/lacanibal.com\\\/eventos\\\/\"},{\"@type\":\"ListItem\",\"position\":3,\"name\":\"Cata vertical Array\u00e1n 28\\\/05\"}]},{\"@type\":\"WebSite\",\"@id\":\"https:\\\/\\\/lacanibal.com\\\/#website\",\"url\":\"https:\\\/\\\/lacanibal.com\\\/\",\"name\":\"La Canibal\",\"description\":\"Cervezas, vinos, gastronom\u00eda y experiencias en Madrid\",\"publisher\":{\"@id\":\"https:\\\/\\\/lacanibal.com\\\/#organization\"},\"potentialAction\":[{\"@type\":\"SearchAction\",\"target\":{\"@type\":\"EntryPoint\",\"urlTemplate\":\"https:\\\/\\\/lacanibal.com\\\/?s={search_term_string}\"},\"query-input\":{\"@type\":\"PropertyValueSpecification\",\"valueRequired\":true,\"valueName\":\"search_term_string\"}}],\"inLanguage\":\"en-GB\"},{\"@type\":\"Organization\",\"@id\":\"https:\\\/\\\/lacanibal.com\\\/#organization\",\"name\":\"La Canibal\",\"url\":\"https:\\\/\\\/lacanibal.com\\\/\",\"logo\":{\"@type\":\"ImageObject\",\"inLanguage\":\"en-GB\",\"@id\":\"https:\\\/\\\/lacanibal.com\\\/#\\\/schema\\\/logo\\\/image\\\/\",\"url\":\"https:\\\/\\\/lacanibal.com\\\/wp-content\\\/uploads\\\/2023\\\/11\\\/head-email.png\",\"contentUrl\":\"https:\\\/\\\/lacanibal.com\\\/wp-content\\\/uploads\\\/2023\\\/11\\\/head-email.png\",\"width\":1000,\"height\":499,\"caption\":\"La Canibal\"},\"image\":{\"@id\":\"https:\\\/\\\/lacanibal.com\\\/#\\\/schema\\\/logo\\\/image\\\/\"},\"sameAs\":[\"https:\\\/\\\/www.facebook.com\\\/lacanibalvinos\",\"https:\\\/\\\/www.youtube.com\\\/channel\\\/UCKDKKCpFZc3c5GCSB9GAJHQ\",\"https:\\\/\\\/www.instagram.com\\\/lacanibal_\\\/\"]}]}<\/script>\n<!-- \/ Yoast SEO plugin. -->","yoast_head_json":{"title":"Cata vertical Array\u00e1n 28\/05 | La Can\u00edbal %","description":"Cata Vertical de Array\u00e1n en La Can\u00edbal de Lavapi\u00e9s. cinco a\u00f1adas, tres terru\u00f1os y cata guiada por Maite S\u00e1nchez. Plazas muy limitadas.","robots":{"index":"index","follow":"follow","max-snippet":"max-snippet:-1","max-image-preview":"max-image-preview:large","max-video-preview":"max-video-preview:-1"},"canonical":"https:\/\/lacanibal.com\/en\/product\/cata-vertical-arrayan-28-05\/","og_locale":"en_GB","og_type":"article","og_title":"Cata vertical Array\u00e1n 28\/05 | La Can\u00edbal %","og_description":"Cata Vertical de Array\u00e1n en La Can\u00edbal de Lavapi\u00e9s. cinco a\u00f1adas, tres terru\u00f1os y cata guiada por Maite S\u00e1nchez. Plazas muy limitadas.","og_url":"https:\/\/lacanibal.com\/en\/product\/cata-vertical-arrayan-28-05\/","og_site_name":"La Can\u00edbal","article_publisher":"https:\/\/www.facebook.com\/lacanibalvinos","article_modified_time":"2026-05-12T19:43:47+00:00","og_image":[{"width":900,"height":900,"url":"https:\/\/lacanibal.com\/wp-content\/uploads\/2026\/04\/3-1-scaled-e1776424396166.jpg","type":"image\/jpeg"}],"twitter_card":"summary_large_image","twitter_misc":{"Estimated reading time":"2 minutes"},"schema":{"@context":"https:\/\/schema.org","@graph":[{"@type":"WebPage","@id":"https:\/\/lacanibal.com\/producto\/cata-vertical-arrayan-28-05\/","url":"https:\/\/lacanibal.com\/producto\/cata-vertical-arrayan-28-05\/","name":"Cata vertical Array\u00e1n 28\/05 | La Can\u00edbal %","isPartOf":{"@id":"https:\/\/lacanibal.com\/#website"},"primaryImageOfPage":{"@id":"https:\/\/lacanibal.com\/producto\/cata-vertical-arrayan-28-05\/#primaryimage"},"image":{"@id":"https:\/\/lacanibal.com\/producto\/cata-vertical-arrayan-28-05\/#primaryimage"},"thumbnailUrl":"https:\/\/lacanibal.com\/wp-content\/uploads\/2026\/04\/3-1-scaled-e1776424396166.jpg","datePublished":"2026-04-17T11:11:41+00:00","dateModified":"2026-05-12T19:43:47+00:00","description":"Cata Vertical de Array\u00e1n en La Can\u00edbal de Lavapi\u00e9s. cinco a\u00f1adas, tres terru\u00f1os y cata guiada por Maite S\u00e1nchez. Plazas muy limitadas.","breadcrumb":{"@id":"https:\/\/lacanibal.com\/producto\/cata-vertical-arrayan-28-05\/#breadcrumb"},"inLanguage":"en-GB","potentialAction":[{"@type":"ReadAction","target":["https:\/\/lacanibal.com\/producto\/cata-vertical-arrayan-28-05\/"]}]},{"@type":"ImageObject","inLanguage":"en-GB","@id":"https:\/\/lacanibal.com\/producto\/cata-vertical-arrayan-28-05\/#primaryimage","url":"https:\/\/lacanibal.com\/wp-content\/uploads\/2026\/04\/3-1-scaled-e1776424396166.jpg","contentUrl":"https:\/\/lacanibal.com\/wp-content\/uploads\/2026\/04\/3-1-scaled-e1776424396166.jpg","width":900,"height":900},{"@type":"BreadcrumbList","@id":"https:\/\/lacanibal.com\/producto\/cata-vertical-arrayan-28-05\/#breadcrumb","itemListElement":[{"@type":"ListItem","position":1,"name":"Home","item":"https:\/\/lacanibal.com\/"},{"@type":"ListItem","position":2,"name":"Eventos en La Can\u00edbal","item":"https:\/\/lacanibal.com\/eventos\/"},{"@type":"ListItem","position":3,"name":"Cata vertical Array\u00e1n 28\/05"}]},{"@type":"WebSite","@id":"https:\/\/lacanibal.com\/#website","url":"https:\/\/lacanibal.com\/","name":"La Canibal","description":"Cervezas, vinos, gastronom\u00eda y experiencias en Madrid","publisher":{"@id":"https:\/\/lacanibal.com\/#organization"},"potentialAction":[{"@type":"SearchAction","target":{"@type":"EntryPoint","urlTemplate":"https:\/\/lacanibal.com\/?s={search_term_string}"},"query-input":{"@type":"PropertyValueSpecification","valueRequired":true,"valueName":"search_term_string"}}],"inLanguage":"en-GB"},{"@type":"Organization","@id":"https:\/\/lacanibal.com\/#organization","name":"La Canibal","url":"https:\/\/lacanibal.com\/","logo":{"@type":"ImageObject","inLanguage":"en-GB","@id":"https:\/\/lacanibal.com\/#\/schema\/logo\/image\/","url":"https:\/\/lacanibal.com\/wp-content\/uploads\/2023\/11\/head-email.png","contentUrl":"https:\/\/lacanibal.com\/wp-content\/uploads\/2023\/11\/head-email.png","width":1000,"height":499,"caption":"La Canibal"},"image":{"@id":"https:\/\/lacanibal.com\/#\/schema\/logo\/image\/"},"sameAs":["https:\/\/www.facebook.com\/lacanibalvinos","https:\/\/www.youtube.com\/channel\/UCKDKKCpFZc3c5GCSB9GAJHQ","https:\/\/www.instagram.com\/lacanibal_\/"]}]}},"jetpack_sharing_enabled":true,"_links":{"self":[{"href":"https:\/\/lacanibal.com\/en\/wp-json\/wp\/v2\/product\/6105","targetHints":{"allow":["GET"]}}],"collection":[{"href":"https:\/\/lacanibal.com\/en\/wp-json\/wp\/v2\/product"}],"about":[{"href":"https:\/\/lacanibal.com\/en\/wp-json\/wp\/v2\/types\/product"}],"wp:featuredmedia":[{"embeddable":true,"href":"https:\/\/lacanibal.com\/en\/wp-json\/wp\/v2\/media\/6062"}],"wp:attachment":[{"href":"https:\/\/lacanibal.com\/en\/wp-json\/wp\/v2\/media?parent=6105"}],"wp:term":[{"taxonomy":"product_brand","embeddable":true,"href":"https:\/\/lacanibal.com\/en\/wp-json\/wp\/v2\/product_brand?post=6105"},{"taxonomy":"product_cat","embeddable":true,"href":"https:\/\/lacanibal.com\/en\/wp-json\/wp\/v2\/product_cat?post=6105"},{"taxonomy":"product_tag","embeddable":true,"href":"https:\/\/lacanibal.com\/en\/wp-json\/wp\/v2\/product_tag?post=6105"}],"curies":[{"name":"wp","href":"https:\/\/api.w.org\/{rel}","templated":true}]}}