{"id":6297,"date":"2026-05-07T17:27:04","date_gmt":"2026-05-07T15:27:04","guid":{"rendered":"https:\/\/lacanibal.com\/?post_type=product&#038;p=6297"},"modified":"2026-05-13T18:57:35","modified_gmt":"2026-05-13T16:57:35","slug":"visita-gratuita-a-la-fabrica-por-san-isidro-15-05","status":"publish","type":"product","link":"https:\/\/lacanibal.com\/en\/product\/visita-gratuita-a-la-fabrica-por-san-isidro-15-05\/","title":{"rendered":"Visita gratuita a La F\u00e1brica por San Isidro 15\/05"},"content":{"rendered":"<div class=\"wpb-content-wrapper\"><div data-parent=\"true\" class=\"vc_row row-container\" id=\"row-unique-0\"><div class=\"row limit-width row-parent\"><div class=\"wpb_row row-inner\"><div class=\"wpb_column pos-top pos-center align_left column_parent col-lg-12 single-internal-gutter\"><div class=\"uncol style-light\"  ><div class=\"uncoltable\"><div class=\"uncell no-block-padding\" ><div class=\"uncont\" ><div class=\"vc_custom_heading_wrap\"><div class=\"heading-text el-text\" ><h2 class=\"h3 badge-style unradius-std style-gris-fabrica-bg\" ><span>D\u00f3nde: La F\u00e1brica &#8211; Juli\u00e1n Camarillo 19<\/span><\/h2><\/div><div class=\"clear\"><\/div><\/div><div class=\"vc_custom_heading_wrap\"><div class=\"heading-text el-text\" ><h2 class=\"h3 text-color-xsdn-color badge-style unradius-std style-amarillo-griferia-bg\" ><span>914 402 395<\/span><\/h2><\/div><div class=\"clear\"><\/div><\/div><div class=\"uncode_text_column\" ><\/p>\n<h1>Visita gratuita a La F\u00e1brica por San Isidro<\/h1>\n<h2><b>Celebra San Isidro Industrial en La Can\u00edbal. <\/b><b>San Isidro no es solo en la Pradera \ud83c\udf39<\/b><\/h2>\n<p><span style=\"font-weight: 400;\">Mientras la ciudad se llena de chulapos y verbenas, nosotros montamos lo nuestro. En la f\u00e1brica. Con grifos, claveles y una cerveza madrile\u00f1a edici\u00f3n limitada.<\/span><\/p>\n<p>\ud83d\udcc6 <strong data-start=\"200\" data-end=\"219\">Viernes 15\/05\/26<\/strong><br data-start=\"219\" data-end=\"222\" \/>\ud83d\udd62<strong> A las 13:00h<\/strong><br data-start=\"245\" data-end=\"248\" \/>\ud83d\udccd <strong data-start=\"251\" data-end=\"309\">Juli\u00e1n Camarillo, 19 (La Can\u00edbal &#8211; F\u00e1brica de cerveza)<\/strong><\/p>\n<p><span style=\"font-weight: 400;\">Abrimos las puertas de la f\u00e1brica para una fiesta de barrio mucho acento madrile\u00f1o. Entrada libre, DJ en directo, carta especial con platos castizos y una cerveza exclusiva solo ese d\u00eda: <\/span><b>KM0<\/b><span style=\"font-weight: 400;\">, una colaboraci\u00f3n entre m\u00e1s de 25 bares y cerveceros de Madrid.\u00a0<\/span><span style=\"font-weight: 400;\">Hecha aqu\u00ed, por muchos y para todos.<\/span><\/p>\n<p><b>LA VISITA. 35 plazas. Gratis. A las 13:00h.<\/b><\/p>\n<p><span style=\"font-weight: 400;\">Antes de que empiece la fiesta, abrimos La F\u00e1brica para todos los que quer\u00e1is reservar.<\/span><\/p>\n<p><span style=\"font-weight: 400;\">Los primeros 35 en reservar una entrada en nuestra web, podr\u00e1n entrar donde ocurre todo: ver\u00e1n los tanques, oler\u00e1n los l\u00fapulos y ser\u00e1n los primeros en probar KM0 directamente de la fuente, antes de que salga al grifo.<\/span><\/p>\n<p><span style=\"font-weight: 400;\"><strong>Gratis<\/strong>. Pero las plazas se agotan.<\/span><\/p>\n<p><span style=\"font-weight: 400;\">\ud83d\udc49 <\/span><b>\u00abcomprar\u00bb este producto supone la reserva de tu plaza para la visita<\/b> <i><span style=\"font-weight: 400;\">(no incluye mesa para comer)<\/span><\/i><\/p>\n<p><b>Y despu\u00e9s, a celebrarlo como manda la tradici\u00f3n!!<\/b><\/p>\n<p><span style=\"font-weight: 400;\">La f\u00e1brica estar\u00e1 vestida de San Isidro con claveles, una carta dise\u00f1ada para la ocasi\u00f3n y mucha birra. Si quieres mesa para comer o cenar despu\u00e9s de la visita para disfrutar la fiesta, res\u00e9rvala por separado aqu\u00ed\u00a0<\/span><\/p>\n<p><span style=\"font-weight: 400;\">\ud83d\udc49 <\/span><b>Reserva tu mesa aqu\u00ed: <a href=\"https:\/\/lacanibal.com\/la-fabrica\/#fabrica\">Reserva tu mesa<\/a><\/b><\/p>\n<p><i><span style=\"font-weight: 400;\">Porque no hay solo un Madrid, te esperamos en <\/span><\/i><b>La Can\u00edbal\u00a0<\/b><\/p>\n<p>\ud83d\udcc6 <strong data-start=\"200\" data-end=\"219\">Viernes 15\/05\/26<\/strong><br data-start=\"245\" data-end=\"248\" \/>\ud83d\udccd <strong data-start=\"251\" data-end=\"309\">Juli\u00e1n Camarillo, 19 (La Can\u00edbal &#8211; F\u00e1brica de cerveza)<\/strong><\/p>\n<p>\u26a0\ufe0f <strong data-start=\"1218\" data-end=\"1244\">\u00a1Plazas muy limitadas!<\/strong> \u26a0\ufe0f<br data-start=\"1247\" data-end=\"1250\" \/>\ud83d\udce9 <strong data-start=\"1253\" data-end=\"1263\">Dudas:<\/strong> <a class=\"decorated-link cursor-pointer\" rel=\"noopener\" data-start=\"1264\" data-end=\"1285\">fabrica@lacanibal.com<\/a><\/p>\n<p>&#8211;<\/p>\n<h6><b><i>La entrada a la fiesta es libre hasta completar aforo. Para la fiesta puedes venir directamente sin reservar.<\/i><\/b><\/h6>\n<h6><b>Pero si quieres asegurarte sitio para comer o cenar, reserva mesa aqu\u00ed: <a href=\"https:\/\/lacanibal.com\/la-fabrica\/#fabrica\">Reserva tu mesa<\/a><\/b><\/h6>\n<h6><b>La reserva de ESTE PRODUCTO web corresponde \u00daNICAMENTE al acceso al tour gratuito de f\u00e1brica + cata de KM0, y NO incluye mesa posterior a la visita.<\/b><\/h6>\n<p>\n<\/div><\/div><\/div><\/div><\/div><\/div><script id=\"script-row-unique-0\" data-row=\"script-row-unique-0\" type=\"text\/javascript\" class=\"vc_controls\">UNCODE.initRow(document.getElementById(\"row-unique-0\"));<\/script><\/div><\/div><\/div>\n<\/div>","protected":false},"excerpt":{"rendered":"D\u00f3nde: La F\u00e1brica - Juli\u00e1n Camarillo 19914 402 395Visita gratuita a La F\u00e1brica por San Isidro Celebra San Isidro Industrial [...]","protected":false},"featured_media":6298,"template":"","meta":[],"product_brand":[],"product_cat":[20],"product_tag":[],"class_list":{"0":"post-6297","1":"product","2":"type-product","3":"status-publish","4":"has-post-thumbnail","6":"product_cat-la-fabrica","7":"pa_completa-tu-experiencia-monologo","9":"first","10":"instock","11":"virtual","12":"sold-individually","13":"taxable","14":"purchasable","15":"product-type-simple"},"yoast_head":"<!-- This site is optimized with the Yoast SEO plugin v27.6 - https:\/\/yoast.com\/product\/yoast-seo-wordpress\/ -->\n<title>Visita gratuita a La F\u00e1brica por San Isidro 15\/05 | La Can\u00edbal<\/title>\n<meta name=\"description\" content=\"Celebra San Isidro en La Can\u00edbal: visita gratuita a f\u00e1brica, DJ, comida castiza y KM0, la cerveza colaborativa de Madrid.\" \/>\n<meta name=\"robots\" content=\"index, follow, max-snippet:-1, max-image-preview:large, max-video-preview:-1\" \/>\n<link rel=\"canonical\" href=\"https:\/\/lacanibal.com\/en\/product\/visita-gratuita-a-la-fabrica-por-san-isidro-15-05\/\" \/>\n<meta property=\"og:locale\" content=\"en_GB\" \/>\n<meta property=\"og:type\" content=\"article\" \/>\n<meta property=\"og:title\" content=\"Visita gratuita a La F\u00e1brica por San Isidro 15\/05 | La Can\u00edbal\" \/>\n<meta property=\"og:description\" content=\"Celebra San Isidro en La Can\u00edbal: visita gratuita a f\u00e1brica, DJ, comida castiza y KM0, la cerveza colaborativa de Madrid.\" \/>\n<meta property=\"og:url\" content=\"https:\/\/lacanibal.com\/en\/product\/visita-gratuita-a-la-fabrica-por-san-isidro-15-05\/\" \/>\n<meta property=\"og:site_name\" content=\"La Can\u00edbal\" \/>\n<meta property=\"article:publisher\" content=\"https:\/\/www.facebook.com\/lacanibalvinos\" \/>\n<meta property=\"article:modified_time\" content=\"2026-05-13T16:57:35+00:00\" \/>\n<meta property=\"og:image\" content=\"https:\/\/lacanibal.com\/wp-content\/uploads\/2026\/05\/1.1-scaled-e1778167816894.jpg\" \/>\n\t<meta property=\"og:image:width\" content=\"1000\" \/>\n\t<meta property=\"og:image:height\" content=\"1000\" \/>\n\t<meta property=\"og:image:type\" content=\"image\/jpeg\" \/>\n<meta name=\"twitter:card\" content=\"summary_large_image\" \/>\n<meta name=\"twitter:label1\" content=\"Estimated reading time\" \/>\n\t<meta name=\"twitter:data1\" content=\"2 minutes\" \/>\n<script type=\"application\/ld+json\" class=\"yoast-schema-graph\">{\"@context\":\"https:\\\/\\\/schema.org\",\"@graph\":[{\"@type\":\"WebPage\",\"@id\":\"https:\\\/\\\/lacanibal.com\\\/producto\\\/visita-gratuita-a-la-fabrica-por-san-isidro-15-05\\\/\",\"url\":\"https:\\\/\\\/lacanibal.com\\\/producto\\\/visita-gratuita-a-la-fabrica-por-san-isidro-15-05\\\/\",\"name\":\"Visita gratuita a La F\u00e1brica por San Isidro 15\\\/05 | La Can\u00edbal\",\"isPartOf\":{\"@id\":\"https:\\\/\\\/lacanibal.com\\\/#website\"},\"primaryImageOfPage\":{\"@id\":\"https:\\\/\\\/lacanibal.com\\\/producto\\\/visita-gratuita-a-la-fabrica-por-san-isidro-15-05\\\/#primaryimage\"},\"image\":{\"@id\":\"https:\\\/\\\/lacanibal.com\\\/producto\\\/visita-gratuita-a-la-fabrica-por-san-isidro-15-05\\\/#primaryimage\"},\"thumbnailUrl\":\"https:\\\/\\\/lacanibal.com\\\/wp-content\\\/uploads\\\/2026\\\/05\\\/1.1-scaled-e1778167816894.jpg\",\"datePublished\":\"2026-05-07T15:27:04+00:00\",\"dateModified\":\"2026-05-13T16:57:35+00:00\",\"description\":\"Celebra San Isidro en La Can\u00edbal: visita gratuita a f\u00e1brica, DJ, comida castiza y KM0, la cerveza colaborativa de Madrid.\",\"breadcrumb\":{\"@id\":\"https:\\\/\\\/lacanibal.com\\\/producto\\\/visita-gratuita-a-la-fabrica-por-san-isidro-15-05\\\/#breadcrumb\"},\"inLanguage\":\"en-GB\",\"potentialAction\":[{\"@type\":\"ReadAction\",\"target\":[\"https:\\\/\\\/lacanibal.com\\\/producto\\\/visita-gratuita-a-la-fabrica-por-san-isidro-15-05\\\/\"]}]},{\"@type\":\"ImageObject\",\"inLanguage\":\"en-GB\",\"@id\":\"https:\\\/\\\/lacanibal.com\\\/producto\\\/visita-gratuita-a-la-fabrica-por-san-isidro-15-05\\\/#primaryimage\",\"url\":\"https:\\\/\\\/lacanibal.com\\\/wp-content\\\/uploads\\\/2026\\\/05\\\/1.1-scaled-e1778167816894.jpg\",\"contentUrl\":\"https:\\\/\\\/lacanibal.com\\\/wp-content\\\/uploads\\\/2026\\\/05\\\/1.1-scaled-e1778167816894.jpg\",\"width\":1000,\"height\":1000,\"caption\":\"san isidro industrial\"},{\"@type\":\"BreadcrumbList\",\"@id\":\"https:\\\/\\\/lacanibal.com\\\/producto\\\/visita-gratuita-a-la-fabrica-por-san-isidro-15-05\\\/#breadcrumb\",\"itemListElement\":[{\"@type\":\"ListItem\",\"position\":1,\"name\":\"Home\",\"item\":\"https:\\\/\\\/lacanibal.com\\\/\"},{\"@type\":\"ListItem\",\"position\":2,\"name\":\"Eventos en La Can\u00edbal\",\"item\":\"https:\\\/\\\/lacanibal.com\\\/eventos\\\/\"},{\"@type\":\"ListItem\",\"position\":3,\"name\":\"Visita gratuita a La F\u00e1brica por San Isidro 15\\\/05\"}]},{\"@type\":\"WebSite\",\"@id\":\"https:\\\/\\\/lacanibal.com\\\/#website\",\"url\":\"https:\\\/\\\/lacanibal.com\\\/\",\"name\":\"La Canibal\",\"description\":\"Cervezas, vinos, gastronom\u00eda y experiencias en Madrid\",\"publisher\":{\"@id\":\"https:\\\/\\\/lacanibal.com\\\/#organization\"},\"potentialAction\":[{\"@type\":\"SearchAction\",\"target\":{\"@type\":\"EntryPoint\",\"urlTemplate\":\"https:\\\/\\\/lacanibal.com\\\/?s={search_term_string}\"},\"query-input\":{\"@type\":\"PropertyValueSpecification\",\"valueRequired\":true,\"valueName\":\"search_term_string\"}}],\"inLanguage\":\"en-GB\"},{\"@type\":\"Organization\",\"@id\":\"https:\\\/\\\/lacanibal.com\\\/#organization\",\"name\":\"La Canibal\",\"url\":\"https:\\\/\\\/lacanibal.com\\\/\",\"logo\":{\"@type\":\"ImageObject\",\"inLanguage\":\"en-GB\",\"@id\":\"https:\\\/\\\/lacanibal.com\\\/#\\\/schema\\\/logo\\\/image\\\/\",\"url\":\"https:\\\/\\\/lacanibal.com\\\/wp-content\\\/uploads\\\/2023\\\/11\\\/head-email.png\",\"contentUrl\":\"https:\\\/\\\/lacanibal.com\\\/wp-content\\\/uploads\\\/2023\\\/11\\\/head-email.png\",\"width\":1000,\"height\":499,\"caption\":\"La Canibal\"},\"image\":{\"@id\":\"https:\\\/\\\/lacanibal.com\\\/#\\\/schema\\\/logo\\\/image\\\/\"},\"sameAs\":[\"https:\\\/\\\/www.facebook.com\\\/lacanibalvinos\",\"https:\\\/\\\/www.youtube.com\\\/channel\\\/UCKDKKCpFZc3c5GCSB9GAJHQ\",\"https:\\\/\\\/www.instagram.com\\\/lacanibal_\\\/\"]}]}<\/script>\n<!-- \/ Yoast SEO plugin. -->","yoast_head_json":{"title":"Visita gratuita a La F\u00e1brica por San Isidro 15\/05 | La Can\u00edbal","description":"Celebra San Isidro en La Can\u00edbal: visita gratuita a f\u00e1brica, DJ, comida castiza y KM0, la cerveza colaborativa de Madrid.","robots":{"index":"index","follow":"follow","max-snippet":"max-snippet:-1","max-image-preview":"max-image-preview:large","max-video-preview":"max-video-preview:-1"},"canonical":"https:\/\/lacanibal.com\/en\/product\/visita-gratuita-a-la-fabrica-por-san-isidro-15-05\/","og_locale":"en_GB","og_type":"article","og_title":"Visita gratuita a La F\u00e1brica por San Isidro 15\/05 | La Can\u00edbal","og_description":"Celebra San Isidro en La Can\u00edbal: visita gratuita a f\u00e1brica, DJ, comida castiza y KM0, la cerveza colaborativa de Madrid.","og_url":"https:\/\/lacanibal.com\/en\/product\/visita-gratuita-a-la-fabrica-por-san-isidro-15-05\/","og_site_name":"La Can\u00edbal","article_publisher":"https:\/\/www.facebook.com\/lacanibalvinos","article_modified_time":"2026-05-13T16:57:35+00:00","og_image":[{"width":1000,"height":1000,"url":"https:\/\/lacanibal.com\/wp-content\/uploads\/2026\/05\/1.1-scaled-e1778167816894.jpg","type":"image\/jpeg"}],"twitter_card":"summary_large_image","twitter_misc":{"Estimated reading time":"2 minutes"},"schema":{"@context":"https:\/\/schema.org","@graph":[{"@type":"WebPage","@id":"https:\/\/lacanibal.com\/producto\/visita-gratuita-a-la-fabrica-por-san-isidro-15-05\/","url":"https:\/\/lacanibal.com\/producto\/visita-gratuita-a-la-fabrica-por-san-isidro-15-05\/","name":"Visita gratuita a La F\u00e1brica por San Isidro 15\/05 | La Can\u00edbal","isPartOf":{"@id":"https:\/\/lacanibal.com\/#website"},"primaryImageOfPage":{"@id":"https:\/\/lacanibal.com\/producto\/visita-gratuita-a-la-fabrica-por-san-isidro-15-05\/#primaryimage"},"image":{"@id":"https:\/\/lacanibal.com\/producto\/visita-gratuita-a-la-fabrica-por-san-isidro-15-05\/#primaryimage"},"thumbnailUrl":"https:\/\/lacanibal.com\/wp-content\/uploads\/2026\/05\/1.1-scaled-e1778167816894.jpg","datePublished":"2026-05-07T15:27:04+00:00","dateModified":"2026-05-13T16:57:35+00:00","description":"Celebra San Isidro en La Can\u00edbal: visita gratuita a f\u00e1brica, DJ, comida castiza y KM0, la cerveza colaborativa de Madrid.","breadcrumb":{"@id":"https:\/\/lacanibal.com\/producto\/visita-gratuita-a-la-fabrica-por-san-isidro-15-05\/#breadcrumb"},"inLanguage":"en-GB","potentialAction":[{"@type":"ReadAction","target":["https:\/\/lacanibal.com\/producto\/visita-gratuita-a-la-fabrica-por-san-isidro-15-05\/"]}]},{"@type":"ImageObject","inLanguage":"en-GB","@id":"https:\/\/lacanibal.com\/producto\/visita-gratuita-a-la-fabrica-por-san-isidro-15-05\/#primaryimage","url":"https:\/\/lacanibal.com\/wp-content\/uploads\/2026\/05\/1.1-scaled-e1778167816894.jpg","contentUrl":"https:\/\/lacanibal.com\/wp-content\/uploads\/2026\/05\/1.1-scaled-e1778167816894.jpg","width":1000,"height":1000,"caption":"san isidro industrial"},{"@type":"BreadcrumbList","@id":"https:\/\/lacanibal.com\/producto\/visita-gratuita-a-la-fabrica-por-san-isidro-15-05\/#breadcrumb","itemListElement":[{"@type":"ListItem","position":1,"name":"Home","item":"https:\/\/lacanibal.com\/"},{"@type":"ListItem","position":2,"name":"Eventos en La Can\u00edbal","item":"https:\/\/lacanibal.com\/eventos\/"},{"@type":"ListItem","position":3,"name":"Visita gratuita a La F\u00e1brica por San Isidro 15\/05"}]},{"@type":"WebSite","@id":"https:\/\/lacanibal.com\/#website","url":"https:\/\/lacanibal.com\/","name":"La Canibal","description":"Cervezas, vinos, gastronom\u00eda y experiencias en Madrid","publisher":{"@id":"https:\/\/lacanibal.com\/#organization"},"potentialAction":[{"@type":"SearchAction","target":{"@type":"EntryPoint","urlTemplate":"https:\/\/lacanibal.com\/?s={search_term_string}"},"query-input":{"@type":"PropertyValueSpecification","valueRequired":true,"valueName":"search_term_string"}}],"inLanguage":"en-GB"},{"@type":"Organization","@id":"https:\/\/lacanibal.com\/#organization","name":"La Canibal","url":"https:\/\/lacanibal.com\/","logo":{"@type":"ImageObject","inLanguage":"en-GB","@id":"https:\/\/lacanibal.com\/#\/schema\/logo\/image\/","url":"https:\/\/lacanibal.com\/wp-content\/uploads\/2023\/11\/head-email.png","contentUrl":"https:\/\/lacanibal.com\/wp-content\/uploads\/2023\/11\/head-email.png","width":1000,"height":499,"caption":"La Canibal"},"image":{"@id":"https:\/\/lacanibal.com\/#\/schema\/logo\/image\/"},"sameAs":["https:\/\/www.facebook.com\/lacanibalvinos","https:\/\/www.youtube.com\/channel\/UCKDKKCpFZc3c5GCSB9GAJHQ","https:\/\/www.instagram.com\/lacanibal_\/"]}]}},"jetpack_sharing_enabled":true,"_links":{"self":[{"href":"https:\/\/lacanibal.com\/en\/wp-json\/wp\/v2\/product\/6297","targetHints":{"allow":["GET"]}}],"collection":[{"href":"https:\/\/lacanibal.com\/en\/wp-json\/wp\/v2\/product"}],"about":[{"href":"https:\/\/lacanibal.com\/en\/wp-json\/wp\/v2\/types\/product"}],"wp:featuredmedia":[{"embeddable":true,"href":"https:\/\/lacanibal.com\/en\/wp-json\/wp\/v2\/media\/6298"}],"wp:attachment":[{"href":"https:\/\/lacanibal.com\/en\/wp-json\/wp\/v2\/media?parent=6297"}],"wp:term":[{"taxonomy":"product_brand","embeddable":true,"href":"https:\/\/lacanibal.com\/en\/wp-json\/wp\/v2\/product_brand?post=6297"},{"taxonomy":"product_cat","embeddable":true,"href":"https:\/\/lacanibal.com\/en\/wp-json\/wp\/v2\/product_cat?post=6297"},{"taxonomy":"product_tag","embeddable":true,"href":"https:\/\/lacanibal.com\/en\/wp-json\/wp\/v2\/product_tag?post=6297"}],"curies":[{"name":"wp","href":"https:\/\/api.w.org\/{rel}","templated":true}]}}